{"id":45,"date":"2016-01-21T01:08:59","date_gmt":"2016-01-20T23:08:59","guid":{"rendered":"https:\/\/kuremaa.eu\/oieke\/?page_id=45"},"modified":"2017-03-27T00:49:48","modified_gmt":"2017-03-26T21:49:48","slug":"tootoad","status":"publish","type":"page","link":"https:\/\/kuremaa.eu\/oieke\/tootoad\/","title":{"rendered":"T\u00f6\u00f6toad"},"content":{"rendered":"<p>[section=Geelk\u00fc\u00fcnalde valmistamine][endsection][section=Halloweeni k\u00f5rvitsate kujundamine][endsection][section=Mosaiigi tehnika][endsection][section=Kipsi vormimine][endsection][section=Portselani maalimine][endsection][section=Seltskonnam\u00e4ngud][endsection][section=Fotojaht][endsection]<\/p>\n","protected":false},"excerpt":{"rendered":"<p>[section=Geelk\u00fc\u00fcnalde valmistamine][endsection][section=Halloweeni k\u00f5rvitsate kujundamine][endsection][section=Mosaiigi tehnika][endsection][section=Kipsi vormimine][endsection][section=Portselani maalimine][endsection][section=Seltskonnam\u00e4ngud][endsection][section=Fotojaht][endsection]<\/p>\n","protected":false},"author":1,"featured_media":0,"parent":0,"menu_order":3,"comment_status":"closed","ping_status":"closed","template":"","meta":{"_monsterinsights_skip_tracking":false,"_monsterinsights_sitenote_active":false,"_monsterinsights_sitenote_note":"","_monsterinsights_sitenote_category":0,"footnotes":""},"class_list":["post-45","page","type-page","status-publish","hentry"],"aioseo_notices":[],"_links":{"self":[{"href":"https:\/\/kuremaa.eu\/oieke\/wp-json\/wp\/v2\/pages\/45","targetHints":{"allow":["GET"]}}],"collection":[{"href":"https:\/\/kuremaa.eu\/oieke\/wp-json\/wp\/v2\/pages"}],"about":[{"href":"https:\/\/kuremaa.eu\/oieke\/wp-json\/wp\/v2\/types\/page"}],"author":[{"embeddable":true,"href":"https:\/\/kuremaa.eu\/oieke\/wp-json\/wp\/v2\/users\/1"}],"replies":[{"embeddable":true,"href":"https:\/\/kuremaa.eu\/oieke\/wp-json\/wp\/v2\/comments?post=45"}],"version-history":[{"count":6,"href":"https:\/\/kuremaa.eu\/oieke\/wp-json\/wp\/v2\/pages\/45\/revisions"}],"predecessor-version":[{"id":145,"href":"https:\/\/kuremaa.eu\/oieke\/wp-json\/wp\/v2\/pages\/45\/revisions\/145"}],"wp:attachment":[{"href":"https:\/\/kuremaa.eu\/oieke\/wp-json\/wp\/v2\/media?parent=45"}],"curies":[{"name":"wp","href":"https:\/\/api.w.org\/{rel}","templated":true}]}}