{"id":19,"date":"2016-01-20T23:49:21","date_gmt":"2016-01-20T21:49:21","guid":{"rendered":"https:\/\/kuremaa.eu\/oieke\/?page_id=19"},"modified":"2016-01-20T23:49:21","modified_gmt":"2016-01-20T21:49:21","slug":"pohikiri","status":"publish","type":"page","link":"https:\/\/kuremaa.eu\/oieke\/mtu-oieke\/pohikiri\/","title":{"rendered":"P\u00f5hikiri"},"content":{"rendered":"<p style=\"text-align: justify;\"><strong>MT\u00dc\u00a0\u00d5ieke<\/strong><\/p>\n<p style=\"text-align: justify;\"><strong>P\u00f5hikiri<\/strong><\/p>\n<p style=\"text-align: justify;\">\n<ol style=\"text-align: justify;\">\n<li><strong>\u00dclds\u00e4tted<\/strong><br \/>\n1.1. Nimi<br \/>\nMittetulundus\u00fchingu nimi on MT\u00dc \u00d5ieke.<\/li>\n<\/ol>\n<p style=\"text-align: justify;\">1.2. Asukoht<br \/>\nMT\u00dc \u00d5ieke asukoht on Eesti Vabariik, J\u00f5geva maakond, J\u00f5geva vald.<\/p>\n<p style=\"text-align: justify;\">1.3. Staatus<br \/>\nMT\u00dc \u00d5ieke on poliitiliselt s\u00f5ltumatu mittetulunduslik era\u00f5iguslik juriidiline isik. MT\u00dc \u00d5ieke juhindub oma tegevuses Eesti Vabariigi seadustest ja muudest \u00f5igusaktidest, asutamislepingu otsustest ning oma p\u00f5hikirjast.<\/p>\n<p style=\"text-align: justify;\">1.4. Majandusaasta<br \/>\nMT\u00dc \u00d5ieke majandusaasta on 1. jaanuarist 31. detsembrini.<\/p>\n<ol style=\"text-align: justify;\" start=\"2\">\n<li><strong> MT\u00dc \u00d5ieke eesm\u00e4rk<br \/>\n<\/strong>2.1. MT\u00dc \u00d5ieke eesm\u00e4rkideks on:<br \/>\n1. Maapiirkonna noortelaagritekorraldamine ja juhtimine,<br \/>\n2. maapiirkonna puhkemajanduse korraldamine sealhulgas saunatraditsioonide ja loodusl\u00e4hededaste tegevuste propageerimine,<br \/>\n3. turismiprojektide ja kohaliku kultuuri- ja spordielu arendamine,<br \/>\n4. loodusmatkade korraldamine ja l\u00e4biviimine,<br \/>\n5. laenutuse, m\u00fc\u00fcgi- ja toitlustamise organiseerimine,<br \/>\n6. ilu- ning tervise teenuste ja toodete pakkumine,<br \/>\n7. toimetulekuraskustega isikutele sobivate t\u00f6\u00f6kohtade loomine ja sellele kaasaaitamine,<br \/>\n8. \u00fchiskondlikult kasuliku t\u00f6\u00f6 pakkumine t\u00f6\u00f6harjumuse saamiseks ja distsipliini loomiseks.<\/li>\n<li><strong> MT\u00dc \u00d5ieke tegevuse p\u00f5him\u00f5tted<br \/>\n<\/strong>3.1. MT\u00dc \u00d5ieke p\u00f5hitegevuseks ei ole majandustegevuse kaudu tulu saamine, vaid tema tegevuse p\u00f5him\u00f5teteks on:<br \/>\n1. liikmete h\u00e4\u00e4le\u00f5iguse v\u00f5rdsus<br \/>\n2. liikmelisuse vabatahtlikkus ja mitte\u00fcleantavus<br \/>\n3. liikmete ainult p\u00f5hikirjast tulenevad kohustused \u00fchingu ees<br \/>\n4. liikmete \u00f5igus avalduse alusel \u00fchingust v\u00e4lja astuda<br \/>\n5. liikmete vahel mittejaotatava vara, tulu ja kapitali olemasolu.<br \/>\n6. liikmete heategevuslik tegutsemine avalikes huvides, kus hinnatakse ka \u00fchingu reaalset tegevust.<\/li>\n<\/ol>\n<p style=\"text-align: justify;\">3.2. MT\u00dc \u00d5ieke v\u00f5ib omada vara, oma s\u00fcmboolikat ja pitsatit.<\/p>\n<p style=\"text-align: justify;\">3.3. MT\u00dc \u00d5ieke vastutab oma kohustuste t\u00e4itmisel kogu oma varaga. \u00dchingu liige vastutab oma \u00fchingu kohustuste t\u00e4itmise eest varalise osaluse piires.<\/p>\n<p style=\"text-align: justify;\">3.4. MT\u00dc \u00d5ieke on asutatud m\u00e4\u00e4ramata ajaks.<\/p>\n<ol style=\"text-align: justify;\" start=\"4\">\n<li><strong> Liikmeskond<br \/>\n<\/strong>4.1. Asutajaliige<br \/>\nMT\u00dc \u00d5ieke asutajaliikmed on asutamislepingu s\u00f5lminud isikud, kes v\u00f5tsid vastu k\u00e4esoleva p\u00f5hikirja.<\/li>\n<\/ol>\n<p style=\"text-align: justify;\">4.2. MT\u00dc \u00d5ieke liige<br \/>\nMT\u00dc \u00d5ieke liikmeteks v\u00f5ivad astuda k\u00f5ik juriidilised ja f\u00fc\u00fcsilised isikud, kes tunnistavad \u00fchingu eesm\u00e4rki ja p\u00f5hikirja.<\/p>\n<p style=\"text-align: justify;\">4.3. MT\u00dc \u00d5ieke liikmemaks<br \/>\nMT\u00dc \u00d5ieke liikmete sisseastumis- ja liikmemaksu suuruse m\u00e4\u00e4rab \u00fcldkoosolek.<\/p>\n<p style=\"text-align: justify;\">4.4. MT\u00dc \u00d5ieke liikmete \u00f5igused<br \/>\nMT\u00dc \u00d5ieke liikmetel on \u00f5igus:<br \/>\n1. osaleda MT\u00dc \u00d5ieke poolt korraldatavatel \u00fcritustel;<br \/>\n2. esitada juhatusele ettepanekuid ja arup\u00e4rimisi MT\u00dc \u00d5ieke tegevust puudutavates k\u00fcsimustes;<br \/>\n3. valida ja olla valitud MT\u00dc \u00d5ieke organitesse;<br \/>\n4. algatada koosk\u00f5lastatult MT\u00dc \u00d5ieke juhatusega \u00fchingu programme. Programm on konkreetne tegevusala, millega aidatakse kaasa MT\u00dc \u00d5ieke p\u00f5hikirjaliste eesm\u00e4rkide saavutamisele.<\/p>\n<p style=\"text-align: justify;\">4.5. Liikmeks vastuv\u00f5tmine<br \/>\nMT\u00dc \u00d5ieke liikmeks soovija peab esitama kirjaliku avalduse juhatusele, kes hiljemalt \u00fche kuu jooksul arvates avalduse saamisest teatab vastuv\u00f5tmisest v\u00f5i sellest keeldumisest.<\/p>\n<p style=\"text-align: justify;\">4.6. V\u00e4ljaastumine ja v\u00e4ljaarvamine<br \/>\nK\u00f5ik MT\u00dc \u00d5ieke liikmed v\u00f5ivad mittetulundus\u00fchingust v\u00e4lja astuda kirjaliku avalduse alusel, mis tuleb esitada juhatusele. Juhatus teeb otsuse hiljemalt \u00fche kuu jooksul arvates avalduse saamisest.<br \/>\nJuhatus v\u00f5ib MT\u00dc \u00d5iekesest v\u00e4lja arvata liikme:<br \/>\n1. Kelle tegevust ta hindab vastuk\u00e4ivaks p\u00f5hikirjale ja sisekorra reeglitele.<br \/>\n2. Kes kahjustab MT\u00dc \u00d5ieke mainet.<br \/>\n3. Kes ei ole m\u00f5juva p\u00f5hjusteta tasunud 2 aasta liikmemaksu.<br \/>\nJuhatus teatab \u00fche n\u00e4dala jooksul kirjalikult v\u00e4ljaarvatule sellekohasest otsusest.<\/p>\n<ol style=\"text-align: justify;\" start=\"5\">\n<li><strong> Juhtimine<br \/>\n<\/strong>5.1. Korraline \u00fcldkoosolek<br \/>\nMT\u00dc \u00d5ieke k\u00f5rgeimaks organiks on liikmete \u00fcldkoosolek, mille kutsub kokku juhatus, teatades mittetulundus\u00fchingu liikmetele \u00fcldkoosoleku toimumisest ja p\u00e4evakorrast hiljemalt kaks n\u00e4dalat enne \u00fcldkoosoleku toimumisp\u00e4eva. Mittetulundus\u00fchingu korraline \u00fcldkoosolek peetakse \u00fcks kord kalendriaasta jookul. \u00dcldkoosolek:<br \/>\n1. Valib salajasel h\u00e4\u00e4letusel viieks aastaks kahe liikmelise juhatuse.<br \/>\n2. Otsustab liitumis- ja aastamaksu.<br \/>\n4. Kinnitab juhatuse aruande eelmisel tegevusaastal tehtust ja jooksva majandusaasta eelarve.<br \/>\n5. Otsustab p\u00f5hikirja v\u00f5i eesm\u00e4rgi muutmise.<br \/>\n6. Otsustab MT\u00dc \u00d5ieke tegevuse l\u00f5petamise.<\/li>\n<\/ol>\n<p style=\"text-align: justify;\">5.2. Erakorraline \u00fcldkoosolek<br \/>\nErakorraline \u00fcldkoosolek kutsutakse kokku, kui juhatus leiab selle vajaliku olevat v\u00f5i v\u00e4hemalt 1\/10 mittetulundus\u00fchingu liikmetest palub seda p\u00f5hjendatult kirjalikus vormis juhatusel teha. Erakorraline \u00fcldkoosolek tuleb l\u00e4bi viia \u00fche kuu jooksul peale sellekohase avalduse esitamist.<\/p>\n<p style=\"text-align: justify;\">5.3. Ettepanekud \u00fcldkoosoleku p\u00e4evakorrale<br \/>\nKui mittetulundus\u00fchingu liige soovib mingi k\u00fcsimuse arutamisele v\u00f5tmist j\u00e4rgmisel \u00fcldkoosolekul, peab ta sellest kirjalikult teatama juhatusele mitte hiljem kui kuu enne \u00fcldkoosoleku toimumise aega.<\/p>\n<p style=\"text-align: justify;\">5.4. H\u00e4\u00e4le\u00f5igus<br \/>\nMT\u00dc \u00d5ieke \u00fcldkoosolekust v\u00f5ivad osa v\u00f5tta k\u00f5ik h\u00e4\u00e4le\u00f5igusega liikmed. Igal h\u00e4\u00e4le\u00f5iguslikul isikul on ainult \u00fcks h\u00e4\u00e4l. Juriidilisest isikust liikme eest h\u00e4\u00e4letab lihtkirjaliku volitusega esindaja.<\/p>\n<p style=\"text-align: justify;\">5.5. H\u00e4\u00e4letamine<br \/>\n\u00dcldkoosolek saab otsuseid vastu v\u00f5tta kui kohal on \u00fcle poole mittetulundus\u00fchingu liikmetest. Juhtudel, mille kohta pole s\u00e4testatud teisiti, loetakse \u00fcldkoosoleku otsused vastuv\u00f5etuks lihth\u00e4\u00e4lteenamusega. H\u00e4\u00e4lte v\u00f5rdse jagunemise korral on otsustava kaaluga \u00fcldkoosoleku juhataja h\u00e4\u00e4l. Erandiks on valimised, mil tuleb l\u00e4bi viia uus h\u00e4\u00e4letus v\u00f5rdselt h\u00e4\u00e4li saanud kandidaatide vahel. Kui keegi h\u00e4\u00e4le\u00f5iguslikest kohalviibijatest seda n\u00f5uab, tuleb h\u00e4\u00e4letamine l\u00e4bi viia salaja.<\/p>\n<ol style=\"text-align: justify;\" start=\"6\">\n<li><strong> Juhatus<br \/>\n<\/strong>6.1. Juhatuse p\u00e4devus<br \/>\nJuhatus on \u00fcldkoosolekute ajal p\u00e4dev k\u00f5igis k\u00fcsimustes, mis ei ole antud seaduse v\u00f5i k\u00e4esoleva p\u00f5hikirja kohaselt \u00fcldkoosoleku p\u00e4devusse. Juhatus:<br \/>\n1. Viib ellu \u00fcldkoosoleku otsuseid.<br \/>\n2. Korraldab liikmemaksu kogumise.<br \/>\n3. V\u00f5ib t\u00f6\u00f6le v\u00f5tta vajalikke isikuid, kelle tegevus m\u00e4\u00e4ratakse vastava juhendiga ja kes on aruandekohustuslikud juhatuse ees.<br \/>\n4. Valmistab \u00fcldkoosolekule ette l\u00f5ppenud majandusaasta aruande ja jooksva tegevuse majandusaasta eelarve.<br \/>\n5. Kehtestab mittetulundus\u00fchingu sisekorrareeglid.<\/li>\n<\/ol>\n<p style=\"text-align: justify;\">6.2. Juhatuse valimine<br \/>\nMittetulundus\u00fchingu \u00fcldkoosolek valib salajasel h\u00e4\u00e4letusel viieks aastaks juhatuse, kes valib oma hulgast juhatuse esimehe. Juhatuses peab olema v\u00e4hemalt kaks liiget \u00fchingu liikmete hulgast. Juhatuse esimees esitab korralisel \u00fcldkoosolekul aruande juhatuse tegevusest.<\/p>\n<p style=\"text-align: justify;\">6.3. Juhatuse koosolek<br \/>\nJuhatuse koosoleku kutsub kokku \u00fcks juhatuse liige v\u00f5i juhatuse liikmed. Juhatuse koosoleku toimumisest teatatakse juhatuse liikmetele kirjalikult v\u00e4hemalt \u00fcks n\u00e4dal enne selle toimumist. Juhatuse korralised koosolekud toimuvad vastavalt vajadusele, kuid mitte harvem kui kord kvartalis. Juhatus on otsustusv\u00f5imeline kui kohal on m\u00f5lemad juhatuse liikmed ja nende hulgas ka juhatuse esimees v\u00f5i tema poolt volitatud juhatuse liige. Otsused v\u00f5etakse vastu juhatuse \u00fchish\u00e4\u00e4le olemasolul. Vaidluste tekkimisel kutsutakse kokku \u00fcldkoosolek. Juhatuse kokkukutsujal on \u00f5igus omal \u00e4ran\u00e4gemisel paluda koosolekust osa v\u00f5tma s\u00f5na\u00f5igusega vajalikke asjatundjaid konsultantide v\u00f5i ekspertidena ning MT\u00dc \u00d5ieke liikmeid.<\/p>\n<p style=\"text-align: justify;\">6.4. Juhatuse liikme esindus\u00f5igus<br \/>\nMT\u00dc \u00d5ieke nimel on allkirja- ja esindus\u00f5igus k\u00f5igil juhatuse liikmetel, kui sisekorrareeglites pole s\u00e4testatud teisiti.<\/p>\n<ol style=\"text-align: justify;\" start=\"7\">\n<li><strong> P\u00f5hikirja muutmine ja tegevuse l\u00f5petamine<\/strong><\/li>\n<\/ol>\n<p style=\"text-align: justify;\">7.1. P\u00f5hikirja muutmine ja t\u00e4iendamine<br \/>\nEttepanek p\u00f5hikirja muutmise ja t\u00e4iendamise kohta tuleb esitada kirjalikult juhatusele. Viimane valmistab selle ette l\u00e4bivaatamiseks j\u00e4rgmisel mittetulundus\u00fchingu \u00fcldkoosolekul. P\u00f5hikirja tohib muuta ainult juhul, kui etteteatatud \u00fcldkoosoleku p\u00e4evakorras on ette n\u00e4htud p\u00f5hikirja paranduste sisseviimine v\u00f5i t\u00e4iendamine.<\/p>\n<p style=\"text-align: justify;\">7.2. Tegevuse l\u00f5petamine<br \/>\nOtsus MT\u00dc \u00d5ieke tegevuse l\u00f5petamisest v\u00f5etakse vastu \u00fcldkoosolekul v\u00e4hemalt 2\/3 poolh\u00e4\u00e4lte korral.<\/p>\n<p style=\"text-align: justify;\">7.3. Varade jaotamine<br \/>\n\u00fchingu l\u00f5petamise korral antakse p\u00e4rast v\u00f5lausaldajate n\u00f5uete rahuldamist alles j\u00e4\u00e4nud vara \u00fcle tulumaksusoodustusega mittetulundus\u00fchingutele ja sihtasutuste nimekirja kantud \u00fchingutele v\u00f5i avalik-\u00f5iguslikule juriidilisele isikule.<\/p>\n<p style=\"text-align: justify;\">\n<p style=\"text-align: justify;\">P\u00f5hikiri kinnitatud \u00fcldkoosolekul 14.02.2014<\/p>\n<p style=\"text-align: justify;\">\n","protected":false},"excerpt":{"rendered":"<p>MT\u00dc\u00a0\u00d5ieke P\u00f5hikiri \u00dclds\u00e4tted 1.1. Nimi Mittetulundus\u00fchingu nimi on MT\u00dc \u00d5ieke. 1.2. Asukoht MT\u00dc \u00d5ieke asukoht on Eesti Vabariik, J\u00f5geva maakond, J\u00f5geva vald. 1.3. Staatus MT\u00dc \u00d5ieke on poliitiliselt s\u00f5ltumatu mittetulunduslik era\u00f5iguslik juriidiline isik. MT\u00dc \u00d5ieke juhindub oma tegevuses Eesti Vabariigi seadustest ja muudest \u00f5igusaktidest, asutamislepingu otsustest ning oma p\u00f5hikirjast. 1.4. Majandusaasta MT\u00dc \u00d5ieke majandusaasta on<br \/><a class=\"moretag\" href=\"https:\/\/kuremaa.eu\/oieke\/mtu-oieke\/pohikiri\/\">+ Read More<\/a><\/p>\n","protected":false},"author":1,"featured_media":0,"parent":17,"menu_order":0,"comment_status":"closed","ping_status":"closed","template":"","meta":{"_monsterinsights_skip_tracking":false,"_monsterinsights_sitenote_active":false,"_monsterinsights_sitenote_note":"","_monsterinsights_sitenote_category":0,"footnotes":""},"class_list":["post-19","page","type-page","status-publish","hentry"],"aioseo_notices":[],"_links":{"self":[{"href":"https:\/\/kuremaa.eu\/oieke\/wp-json\/wp\/v2\/pages\/19","targetHints":{"allow":["GET"]}}],"collection":[{"href":"https:\/\/kuremaa.eu\/oieke\/wp-json\/wp\/v2\/pages"}],"about":[{"href":"https:\/\/kuremaa.eu\/oieke\/wp-json\/wp\/v2\/types\/page"}],"author":[{"embeddable":true,"href":"https:\/\/kuremaa.eu\/oieke\/wp-json\/wp\/v2\/users\/1"}],"replies":[{"embeddable":true,"href":"https:\/\/kuremaa.eu\/oieke\/wp-json\/wp\/v2\/comments?post=19"}],"version-history":[{"count":1,"href":"https:\/\/kuremaa.eu\/oieke\/wp-json\/wp\/v2\/pages\/19\/revisions"}],"predecessor-version":[{"id":20,"href":"https:\/\/kuremaa.eu\/oieke\/wp-json\/wp\/v2\/pages\/19\/revisions\/20"}],"up":[{"embeddable":true,"href":"https:\/\/kuremaa.eu\/oieke\/wp-json\/wp\/v2\/pages\/17"}],"wp:attachment":[{"href":"https:\/\/kuremaa.eu\/oieke\/wp-json\/wp\/v2\/media?parent=19"}],"curies":[{"name":"wp","href":"https:\/\/api.w.org\/{rel}","templated":true}]}}