{"id":17,"date":"2016-01-20T23:46:21","date_gmt":"2016-01-20T21:46:21","guid":{"rendered":"https:\/\/kuremaa.eu\/oieke\/?page_id=17"},"modified":"2022-01-07T23:26:29","modified_gmt":"2022-01-07T21:26:29","slug":"mtu-oieke","status":"publish","type":"page","link":"https:\/\/kuremaa.eu\/oieke\/mtu-oieke\/","title":{"rendered":"MT\u00dc \u00d5ieke"},"content":{"rendered":"<p><strong>MT\u00dc \u00d5ieke on mittetulundus\u00fching, mille eesm\u00e4rkideks on:<\/strong><\/p>\n<ul>\n<li>noortelaagrite korraldamine ja juhtimine,<\/li>\n<li>puhkemajanduse korraldamine,<\/li>\n<li>saunatraditsioonide ja loodusl\u00e4hedaste tegevuste propageerimine,<\/li>\n<li>turismiprojektide ja kohaliku kultuuri- ja spordielu arendamine,<\/li>\n<li>matkade korraldamine ja l\u00e4biviimine,<\/li>\n<li>laenutuse, m\u00fc\u00fcgi- ja toitlustamise organiseerimine,<\/li>\n<li>iluteenuste ja \u2013toodete pakkumine.<\/li>\n<\/ul>\n<p>\u00dchingu juhatusse kuuluvad Elis Hannolainen juhatuse esinaine ja Janar Hannolainen juhatuse liige.<\/p>\n","protected":false},"excerpt":{"rendered":"<p>MT\u00dc \u00d5ieke on mittetulundus\u00fching, mille eesm\u00e4rkideks on: noortelaagrite korraldamine ja juhtimine, puhkemajanduse korraldamine, saunatraditsioonide ja loodusl\u00e4hedaste tegevuste propageerimine, turismiprojektide ja kohaliku kultuuri- ja spordielu arendamine, matkade korraldamine ja l\u00e4biviimine, laenutuse, m\u00fc\u00fcgi- ja toitlustamise organiseerimine, iluteenuste ja \u2013toodete pakkumine. \u00dchingu juhatusse kuuluvad Elis Hannolainen juhatuse esinaine ja Janar Hannolainen juhatuse liige.<\/p>\n","protected":false},"author":1,"featured_media":0,"parent":0,"menu_order":1,"comment_status":"closed","ping_status":"closed","template":"","meta":{"_monsterinsights_skip_tracking":false,"_monsterinsights_sitenote_active":false,"_monsterinsights_sitenote_note":"","_monsterinsights_sitenote_category":0,"footnotes":""},"class_list":["post-17","page","type-page","status-publish","hentry"],"aioseo_notices":[],"_links":{"self":[{"href":"https:\/\/kuremaa.eu\/oieke\/wp-json\/wp\/v2\/pages\/17","targetHints":{"allow":["GET"]}}],"collection":[{"href":"https:\/\/kuremaa.eu\/oieke\/wp-json\/wp\/v2\/pages"}],"about":[{"href":"https:\/\/kuremaa.eu\/oieke\/wp-json\/wp\/v2\/types\/page"}],"author":[{"embeddable":true,"href":"https:\/\/kuremaa.eu\/oieke\/wp-json\/wp\/v2\/users\/1"}],"replies":[{"embeddable":true,"href":"https:\/\/kuremaa.eu\/oieke\/wp-json\/wp\/v2\/comments?post=17"}],"version-history":[{"count":2,"href":"https:\/\/kuremaa.eu\/oieke\/wp-json\/wp\/v2\/pages\/17\/revisions"}],"predecessor-version":[{"id":173,"href":"https:\/\/kuremaa.eu\/oieke\/wp-json\/wp\/v2\/pages\/17\/revisions\/173"}],"wp:attachment":[{"href":"https:\/\/kuremaa.eu\/oieke\/wp-json\/wp\/v2\/media?parent=17"}],"curies":[{"name":"wp","href":"https:\/\/api.w.org\/{rel}","templated":true}]}}