{"id":13,"date":"2016-01-20T23:44:50","date_gmt":"2016-01-20T21:44:50","guid":{"rendered":"https:\/\/kuremaa.eu\/oieke\/?page_id=13"},"modified":"2017-12-01T15:05:19","modified_gmt":"2017-12-01T13:05:19","slug":"projektid","status":"publish","type":"page","link":"https:\/\/kuremaa.eu\/oieke\/projektid\/","title":{"rendered":"Projektid"},"content":{"rendered":"<p style=\"text-align: justify;\">[section=2017. aastal rahastatud projektid]AS P\u00f5lluvara &#8211; 2500,00\u20ac<br \/>\nKuremaa V suvelaagri (T\u00f6\u00f6- ja terviselaagri) l\u00e4biviimine. Laagrinoortel talut\u00f6\u00f6de tegemine (rohimine, niitmine, puude ladumine, koristamine, v\u00f5sa l\u00f5ikamine), atraktiivsed v\u00e4ljas\u00f5idud (AHHAA Teaduskeskus, 4D Elamuskino ja Batuudikeskus), heakorrat\u00f6\u00f6d (paadisadama akvatooriumi puhastus kividest, prahist jne), veeohutuse \u00f5pe, orienteerumine, fotojaht, \u00f6\u00f6bimine ja toitlustus, laagrikasvatajate ja abiliste t\u00f6\u00f6tasud.[endsection][section=2016. aastal rahastatud projektid]Eesti Kultuurkapital &#8211; 170,00 \u20ac<br \/>\nTorma ja Sadala noortetoas tasside maalimise t\u00f6\u00f6toa korraldus<\/p>\n<p style=\"text-align: justify;\">AS P\u00f5lluvara &#8211; 2500,00\u20ac<br \/>\nKuremaa suvelaagri (T\u00f6\u00f6- ja terviselaagri) l\u00e4biviimine. Laagrinoortel talut\u00f6\u00f6de tegemine (rohimine, niitmine, puude ladumine, koristamine, v\u00f5sa l\u00f5ikamine), atraktiivsed v\u00e4ljas\u00f5idud (matk Endla rabas, j\u00e4rvelaev Lindal sauna\u00f5htu), heakorrat\u00f6\u00f6d (paadisadamas muru, v\u00f5sa ja pilliroo niitmine, allika kivide ladumine, rohimine), veeohutuse \u00f5pe, paintball, \u00f6\u00f6 orienteerumine, fotojaht, raadiojaamadega orienteerumine, \u00f6\u00f6bimine ja toitlustus, laagrikasvatajate ja abiliste t\u00f6\u00f6tasud.[endsection][section=2015. aastal rahastatud projektid]Eesti Kultuurkapital &#8211; 190,00 \u20ac<br \/>\nKuremaa \u00a0ajalooliste \u00a0piltide \u00a0digitaliseerimise \u00a0III \u00a0etapi \u00a0teostamine<\/p>\n<p style=\"text-align: justify;\">AS P\u00f5lluvara &#8211; 1616,00 \u20ac<br \/>\nKuremaa suvelaagri (T\u00f6\u00f6- ja terviselaagri) l\u00e4biviimine. Laagrinoortel talut\u00f6\u00f6de tegemine (rohimine, niitmine, puude ladumine, koristamine, v\u00f5sa l\u00f5ikamine), atraktiivsed v\u00e4ljas\u00f5idud (Krati Seikluspark, AHHAA keskus), ekskursioon Kuremaa veskisse, heakorrat\u00f6\u00f6d (t\u00e4nava \u00e4\u00e4rekivide \u00e4\u00e4rte puhastus, paadisadamas muru, v\u00f5sa ja pilliroo niitmine, allika kivide ladumine), veeohutuse \u00f5pe, paintball, \u00f6\u00f6 orienteerumine, fotojaht, raadiojaamadega orienteerumine, \u00f6\u00f6bimine ja toitlustus, laagrikasvatajate ja abiliste t\u00f6\u00f6tasud.[endsection][section=2014. aastal rahastatud projektid]Eesti Kultuurkapital \u2013 360,00 \u20ac<br \/>\nKuremaa \u00a0ajalooliste \u00a0piltide \u00a0digitaliseerimise \u00a0II \u00a0etapi \u00a0teostamine, stipendiumi kasutamise aeg\u00a005.01 \u2013 30.06.2014. Projekti tulemused on n\u00e4htavad SIIN ALBUMIS.<\/p>\n<p style=\"text-align: justify;\">AS P\u00f5lluvara &#8211; 3500,00 \u20ac<br \/>\nKuremaa ja Voore suvelaagri (T\u00f6\u00f6- ja terviselaagri) l\u00e4biviimine. Laagrinoortel talut\u00f6\u00f6de tegemine (rohimine, niitmine, puude ladumine, koristamine, v\u00f5sa l\u00f5ikamine), atraktiivsed v\u00e4ljas\u00f5idud (Krati seikluspark, Kassinurme linnam\u00e4gi, Elistvere Loomapark, Vudila m\u00e4ngumaa), ekskursioon Kuremaa veskisse, heakorrat\u00f6\u00f6d (t\u00e4nava \u00e4\u00e4rekivide \u00e4\u00e4rte puhastus, paadisadamas muru, v\u00f5sa ja pilliroo niitmine, allika kivide ladumine), veeohutuse \u00f5pe, \u00f5hup\u00fcssist laskmine, paintball, \u00f6\u00f6 orienteerumine, fotojaht, raadiojaamadega orienteerumine, \u00f6\u00f6bimine ja toitlustus, laagrikasvatajate ja abiliste t\u00f6\u00f6tasud. Fotod: Kuremaa Suvelaager\u00a0ja Voore Suvelaager.[endsection]<\/p>\n","protected":false},"excerpt":{"rendered":"<p>[section=2017. aastal rahastatud projektid]AS P\u00f5lluvara &#8211; 2500,00\u20ac Kuremaa V suvelaagri (T\u00f6\u00f6- ja terviselaagri) l\u00e4biviimine. Laagrinoortel talut\u00f6\u00f6de tegemine (rohimine, niitmine, puude ladumine, koristamine, v\u00f5sa l\u00f5ikamine), atraktiivsed v\u00e4ljas\u00f5idud (AHHAA Teaduskeskus, 4D Elamuskino ja Batuudikeskus), heakorrat\u00f6\u00f6d (paadisadama akvatooriumi puhastus kividest, prahist jne), veeohutuse \u00f5pe, orienteerumine, fotojaht, \u00f6\u00f6bimine ja toitlustus, laagrikasvatajate ja abiliste t\u00f6\u00f6tasud.[endsection][section=2016. aastal rahastatud projektid]Eesti Kultuurkapital &#8211;<br \/><a class=\"moretag\" href=\"https:\/\/kuremaa.eu\/oieke\/projektid\/\">+ Read More<\/a><\/p>\n","protected":false},"author":1,"featured_media":12,"parent":0,"menu_order":5,"comment_status":"closed","ping_status":"closed","template":"","meta":{"_monsterinsights_skip_tracking":false,"_monsterinsights_sitenote_active":false,"_monsterinsights_sitenote_note":"","_monsterinsights_sitenote_category":0,"footnotes":""},"class_list":["post-13","page","type-page","status-publish","has-post-thumbnail","hentry"],"aioseo_notices":[],"_links":{"self":[{"href":"https:\/\/kuremaa.eu\/oieke\/wp-json\/wp\/v2\/pages\/13","targetHints":{"allow":["GET"]}}],"collection":[{"href":"https:\/\/kuremaa.eu\/oieke\/wp-json\/wp\/v2\/pages"}],"about":[{"href":"https:\/\/kuremaa.eu\/oieke\/wp-json\/wp\/v2\/types\/page"}],"author":[{"embeddable":true,"href":"https:\/\/kuremaa.eu\/oieke\/wp-json\/wp\/v2\/users\/1"}],"replies":[{"embeddable":true,"href":"https:\/\/kuremaa.eu\/oieke\/wp-json\/wp\/v2\/comments?post=13"}],"version-history":[{"count":14,"href":"https:\/\/kuremaa.eu\/oieke\/wp-json\/wp\/v2\/pages\/13\/revisions"}],"predecessor-version":[{"id":163,"href":"https:\/\/kuremaa.eu\/oieke\/wp-json\/wp\/v2\/pages\/13\/revisions\/163"}],"wp:featuredmedia":[{"embeddable":true,"href":"https:\/\/kuremaa.eu\/oieke\/wp-json\/wp\/v2\/media\/12"}],"wp:attachment":[{"href":"https:\/\/kuremaa.eu\/oieke\/wp-json\/wp\/v2\/media?parent=13"}],"curies":[{"name":"wp","href":"https:\/\/api.w.org\/{rel}","templated":true}]}}