{"id":8,"date":"2016-01-21T01:11:31","date_gmt":"2016-01-20T23:11:31","guid":{"rendered":"https:\/\/kuremaa.eu\/jarvepaaste\/?page_id=8"},"modified":"2020-03-25T01:11:09","modified_gmt":"2020-03-24T23:11:09","slug":"projektid","status":"publish","type":"page","link":"https:\/\/kuremaa.eu\/jarvepaaste\/projektid\/","title":{"rendered":"Projektid"},"content":{"rendered":"\n<p><\/p>\n\n\n<p><strong>2019:<\/strong><\/p>\n<p style=\"padding-left: 40px;\">Kogukondliku turvalisuse toetusvoor (2806,00 \u20ac)<br \/>Projekt: Kaameravalve Kuremaa avalikku randa<\/p>\n<p><strong>2018:<\/strong><\/p>\n<p style=\"padding-left: 40px;\">LEADER-projektitoetus (2717,86 \u20ac)<br \/>Projekt: Veetaimestiku piiramine Kuremaa j\u00e4rve\u00e4\u00e4rsel puhkealal<img loading=\"lazy\" decoding=\"async\" class=\"aligncenter size-large wp-image-478\" src=\"https:\/\/kuremaa.eu\/jarvepaaste\/files\/2019\/03\/leader-2014-1024x287.jpg\" alt=\"\" width=\"1024\" height=\"287\" srcset=\"https:\/\/kuremaa.eu\/jarvepaaste\/files\/2019\/03\/leader-2014-1024x287.jpg 1024w, https:\/\/kuremaa.eu\/jarvepaaste\/files\/2019\/03\/leader-2014-300x84.jpg 300w, https:\/\/kuremaa.eu\/jarvepaaste\/files\/2019\/03\/leader-2014-768x215.jpg 768w, https:\/\/kuremaa.eu\/jarvepaaste\/files\/2019\/03\/leader-2014.jpg 1181w\" sizes=\"auto, (max-width: 1024px) 100vw, 1024px\" \/><\/p>\n<p style=\"padding-left: 40px;\">Kogukondliku turvalisuse toetusvoor (2171,74 \u20ac)<br \/>Projekt: Kuiv\u00fclikonnad aastaringseks t\u00f6\u00f6ks looduslikus veekogus<\/p>\n<p><strong>2017:<\/strong><\/p>\n<p style=\"padding-left: 40px;\">Kogukondliku turvalisuse toetusvoor (972,28 \u20ac)<br \/>Projekt:\u00a0J\u00e4rvep\u00e4\u00e4ste reageeriva meeskonna t\u00f6\u00f6riided<\/p>\n<p style=\"padding-left: 40px;\">Kohaliku omaalgatuse programm (2000,00 \u20ac)<br \/>Projekt:\u00a0Kuremaa paadisadama paadisild pontoonidele<br \/>Kaasrahastus: J\u00f5geva Vallavalitsus 2000,00 \u20ac; Ettev\u00f5tted 1900,00 \u20ac<\/p>\n<p><strong>2016:<\/strong><\/p>\n<p style=\"padding-left: 40px;\">P\u00e4\u00e4steameti projektikonkurss\u00a0(4610,00 \u20ac)<br \/>Projekt: Torma valla p\u00f5hikoolide \u00f5pilaste ujumisoskuse ja veeohutuse koolitused<\/p>\n<p style=\"padding-left: 40px;\">Kohaliku omaalgatuse programm (1999,96 \u20ac)<br \/>Projekt:\u00a0Kuremaa paadisadama uue paadisilla ehitamine<\/p>\n<p><strong>2015:<\/strong><\/p>\n<p style=\"padding-left: 40px;\">Kohaliku omaalgatuse programm (804,86 \u20ac)<br \/>Projekt:\u00a0Pinnaltp\u00e4\u00e4ste meeskonna teenuste arendamine<\/p>\n<p><strong>2013:<\/strong><\/p>\n<p style=\"padding-left: 40px;\">Kohaliku omaalgatuse programm (692,45 \u20ac)<br \/>Projekt:\u00a0Rannavalve t\u00f6\u00f6kvaliteedi parendamine<\/p>","protected":false},"excerpt":{"rendered":"<p>2019: Kogukondliku turvalisuse toetusvoor (2806,00 \u20ac)Projekt: Kaameravalve Kuremaa avalikku randa 2018: LEADER-projektitoetus (2717,86 \u20ac)Projekt: Veetaimestiku piiramine Kuremaa j\u00e4rve\u00e4\u00e4rsel puhkealal Kogukondliku turvalisuse toetusvoor (2171,74 \u20ac)Projekt: Kuiv\u00fclikonnad aastaringseks t\u00f6\u00f6ks looduslikus veekogus 2017: Kogukondliku turvalisuse toetusvoor (972,28 \u20ac)Projekt:\u00a0J\u00e4rvep\u00e4\u00e4ste reageeriva meeskonna t\u00f6\u00f6riided Kohaliku omaalgatuse programm (2000,00 \u20ac)Projekt:\u00a0Kuremaa paadisadama paadisild pontoonideleKaasrahastus: J\u00f5geva Vallavalitsus 2000,00 \u20ac; Ettev\u00f5tted 1900,00 \u20ac 2016: P\u00e4\u00e4steameti<br \/><a class=\"moretag\" href=\"https:\/\/kuremaa.eu\/jarvepaaste\/projektid\/\">+ Read More<\/a><\/p>\n","protected":false},"author":1,"featured_media":0,"parent":0,"menu_order":8,"comment_status":"closed","ping_status":"closed","template":"","meta":{"_monsterinsights_skip_tracking":false,"_monsterinsights_sitenote_active":false,"_monsterinsights_sitenote_note":"","_monsterinsights_sitenote_category":0,"footnotes":""},"class_list":["post-8","page","type-page","status-publish","hentry"],"aioseo_notices":[],"_links":{"self":[{"href":"https:\/\/kuremaa.eu\/jarvepaaste\/wp-json\/wp\/v2\/pages\/8","targetHints":{"allow":["GET"]}}],"collection":[{"href":"https:\/\/kuremaa.eu\/jarvepaaste\/wp-json\/wp\/v2\/pages"}],"about":[{"href":"https:\/\/kuremaa.eu\/jarvepaaste\/wp-json\/wp\/v2\/types\/page"}],"author":[{"embeddable":true,"href":"https:\/\/kuremaa.eu\/jarvepaaste\/wp-json\/wp\/v2\/users\/1"}],"replies":[{"embeddable":true,"href":"https:\/\/kuremaa.eu\/jarvepaaste\/wp-json\/wp\/v2\/comments?post=8"}],"version-history":[{"count":12,"href":"https:\/\/kuremaa.eu\/jarvepaaste\/wp-json\/wp\/v2\/pages\/8\/revisions"}],"predecessor-version":[{"id":502,"href":"https:\/\/kuremaa.eu\/jarvepaaste\/wp-json\/wp\/v2\/pages\/8\/revisions\/502"}],"wp:attachment":[{"href":"https:\/\/kuremaa.eu\/jarvepaaste\/wp-json\/wp\/v2\/media?parent=8"}],"curies":[{"name":"wp","href":"https:\/\/api.w.org\/{rel}","templated":true}]}}