{"id":6,"date":"2016-01-21T01:11:04","date_gmt":"2016-01-20T23:11:04","guid":{"rendered":"https:\/\/kuremaa.eu\/jarvepaaste\/?page_id=6"},"modified":"2025-03-29T00:26:09","modified_gmt":"2025-03-28T22:26:09","slug":"uhing","status":"publish","type":"page","link":"https:\/\/kuremaa.eu\/jarvepaaste\/uhing\/","title":{"rendered":"\u00dching"},"content":{"rendered":"<p style=\"text-align: justify;\"><strong>Kuremaa Vabatahtlik J\u00e4rvep\u00e4\u00e4ste on mittetulundus\u00fchinguna registreeritud 13.03.2012.<\/strong><\/p>\n<div style=\"text-align: justify;\" align=\"justify\">\n<div align=\"justify\">\n<p>\u00dching on oma algusm\u00f5tte saanud 2011. aasta septembris. Kui Kuremaa Avatud Noortekeskuses alustas tegevust ESF lihthankena Eesti Avatud Noortekeskuse poolt rahastatud huvitegevus kestvusega 9 kuud. Omandatud teadmiste ja oskuste j\u00e4tkusuutlikuks rakendamiseks registreeriti 2012. aasta m\u00e4rtsis iseseisev mittetulundus\u00fching Kuremaa Vabatahtlik J\u00e4rvep\u00e4\u00e4ste. \u00dchingu liikmete ja partnerite \u00fchise koost\u00f6\u00f6 ja missioonitundega on soov arendada veeohutust, mere- ja j\u00e4rvep\u00e4\u00e4ste tegevust ja kala- ning veeturismi. Arvestades keskkonnas\u00e4\u00e4stlike tegevusviisidega.<\/p>\n<\/div>\n<div align=\"justify\"><strong>\u00dching on:<\/strong><\/div>\n<div align=\"justify\">Eesti Vabatahtliku Mere- ja J\u00e4rvep\u00e4\u00e4ste (EVMJP) \u00fchingu liige, lisainformatsioon: <a href=\"http:\/\/www.sar.ee\" target=\"_blank\" rel=\"noopener noreferrer\">www.sar.ee<\/a><\/div>\n<div align=\"justify\">EVMJP \u00fchingute infos\u00fcsteem: <a href=\"http:\/\/www.iris.ee\" target=\"_blank\" rel=\"noopener noreferrer\">www.iris.ee<\/a><\/div>\n<div align=\"justify\">EVMJP \u00fchingute logod:\u00a0<a href=\"http:\/\/www.sar.ee\/logod\/\" target=\"_blank\" rel=\"noopener noreferrer\">www.sar.ee\/logod<\/a><\/div>\n<\/div>\n<p style=\"text-align: justify;\" align=\"justify\"><strong>\u00dchingu meeskond seisuga 05.09.2021 on:<\/strong><\/p>\n<ol>\n<li style=\"text-align: justify;\">Janar Hannolainen \u2013 juhatuse esimees<\/li>\n<li style=\"text-align: justify;\">Elis Hannolainen<\/li>\n<li style=\"text-align: justify;\">Kaidi Forostovet\u0161<\/li>\n<li style=\"text-align: justify;\">Valter Hannolainen \u2013 juhatuse liige<\/li>\n<li style=\"text-align: justify;\">M\u00e4rt T\u00f5nson<\/li>\n<li>Karl-Reimond K\u00f5rs<\/li>\n<\/ol>\n<p style=\"text-align: justify;\">\u00dchingu liikmed on spetsialiseerunud veeohutusele ja esmaabile erinevatel vee- ja maismaa\u00fcritustel.<\/p>\n<p style=\"text-align: justify;\"><strong>\u00dchingu eesm\u00e4rkideks on:<\/strong><\/p>\n<p>1. Hankida toetuste ja liikmete vahendite eest vajalikud vahendid veeohutuse tagamiseks veekogudel ja levitada teavet koost\u00f6\u00f6v\u00f5imaluste kohta.<br \/>2. Arendada koost\u00f6\u00f6d teiste organisatsioonidega, omavalitsustega, \u00e4ri\u00fchingutega ja \u00fcksikisikutega nii kodu- kui v\u00e4lismaal.<br \/>3. L\u00e4bi viia veeohutuse, vetelp\u00e4\u00e4ste jm temaatilisi \u00fcritusi ning osaleda teistel \u00fcritustel.<br \/>4. \u00dchingu arendamine ja \u00fchiskondlikult kasuliku p\u00e4\u00e4stet\u00f6\u00f6 korraldamine veekogudel.<br \/>5. T\u00f6\u00f6ks vajalike vahendite hankimise eesm\u00e4rgil l\u00e4bi viia tasulisi \u00fcritusi ja kursuseid, anda v\u00e4lja tr\u00fckiseid, anda ja v\u00f5tta \u00fc\u00fcrile ruume ja vahendeid, teostada muid tehinguid \u00fchingu kasutuses ja omanduses oleva ning tema p\u00f5hieesm\u00e4rgi saavutamiseks vajaliku varaga.<br \/>6. V\u00e4lja t\u00f6\u00f6tada, teostada ja koordineerida kultuuri-, haridus-, veeohutus-, looduskaitse- ja majandusalaseid ning valdkondadele sarnaseid projekte.<br \/>7. Vastu v\u00f5tta annetusi, toetusi ja kingitusi ning m\u00e4\u00e4rata stipendiume, auhindu ja kingitusi.<br \/>8. Korraldada ja juhendada \u00f5ppek\u00e4ike, ujumis\u00f5pet, paadiretki, matku, firma\u00fcritusi, turismireise nii kodu- kui v\u00e4lismaal.<br \/>9. Korraldada tulu\u00fcritusi (n\u00e4itusm\u00fc\u00fcgid, loteriid, laadad, konverentsid, messid jms).<br \/>10. Anda tasuta ja tasu eest veeohutuse, vetelp\u00e4\u00e4ste jm konsultatsioone.<br \/>11. Organiseerida \u00fchiskondliku maa ja objektide korrastamist ja heakorda \u00fchingu eesm\u00e4rkide t\u00e4itmiseks.<br \/>12. Loodus- ja keskkonnakaitset parendavate tegevuste organiseerimine.<br \/>13. \u00dchiskondlikult kasuliku t\u00f6\u00f6 pakkumine t\u00f6\u00f6harjumuse saamiseks ja \u00fchiskondliku maa haldamine.<br \/>14. S\u00f5lmida koost\u00f6\u00f6lepinguid ja arendada muud p\u00f5hikirjaga koosk\u00f5las olevat tegevust.<\/p>\n<p>Kuremaa Vabatahtlik J\u00e4rvep\u00e4\u00e4ste korraldas 2011. &#8211; 2014. aastatel ja taas aastatel 2017-2019 rannavalve teenust Kuremaa avalikus supelrannas.<br \/>Kuremaa Vabatahtlik J\u00e4rvep\u00e4\u00e4ste juhtis koost\u00f6\u00f6s Kuremaa Ujulaga J\u00f5geva maakonna I &#8211; III klasside koolilaste ujumise alg\u00f5petust 2018 &#8211; 2020. aastatel. J\u00e4tkuvalt korraldatakse 2023-2025. aastatel eelkooliealiste ja esimese kooliastme laste ujumise alg\u00f5petust Kuremaa Elamuskeskuse ujulas ja Sihtasutus P\u00f5ltsamaa Sport ujulas.<\/p>\n\n\n<p><\/p>\n","protected":false},"excerpt":{"rendered":"<p>Kuremaa Vabatahtlik J\u00e4rvep\u00e4\u00e4ste on mittetulundus\u00fchinguna registreeritud 13.03.2012. \u00dching on oma algusm\u00f5tte saanud 2011. aasta septembris. Kui Kuremaa Avatud Noortekeskuses alustas tegevust ESF lihthankena Eesti Avatud Noortekeskuse poolt rahastatud huvitegevus kestvusega 9 kuud. Omandatud teadmiste ja oskuste j\u00e4tkusuutlikuks rakendamiseks registreeriti 2012. aasta m\u00e4rtsis iseseisev mittetulundus\u00fching Kuremaa Vabatahtlik J\u00e4rvep\u00e4\u00e4ste. \u00dchingu liikmete ja partnerite \u00fchise koost\u00f6\u00f6 ja missioonitundega<br \/><a class=\"moretag\" href=\"https:\/\/kuremaa.eu\/jarvepaaste\/uhing\/\">+ Read More<\/a><\/p>\n","protected":false},"author":1,"featured_media":0,"parent":0,"menu_order":0,"comment_status":"closed","ping_status":"closed","template":"","meta":{"_monsterinsights_skip_tracking":false,"_monsterinsights_sitenote_active":false,"_monsterinsights_sitenote_note":"","_monsterinsights_sitenote_category":0,"footnotes":""},"class_list":["post-6","page","type-page","status-publish","hentry"],"aioseo_notices":[],"_links":{"self":[{"href":"https:\/\/kuremaa.eu\/jarvepaaste\/wp-json\/wp\/v2\/pages\/6","targetHints":{"allow":["GET"]}}],"collection":[{"href":"https:\/\/kuremaa.eu\/jarvepaaste\/wp-json\/wp\/v2\/pages"}],"about":[{"href":"https:\/\/kuremaa.eu\/jarvepaaste\/wp-json\/wp\/v2\/types\/page"}],"author":[{"embeddable":true,"href":"https:\/\/kuremaa.eu\/jarvepaaste\/wp-json\/wp\/v2\/users\/1"}],"replies":[{"embeddable":true,"href":"https:\/\/kuremaa.eu\/jarvepaaste\/wp-json\/wp\/v2\/comments?post=6"}],"version-history":[{"count":19,"href":"https:\/\/kuremaa.eu\/jarvepaaste\/wp-json\/wp\/v2\/pages\/6\/revisions"}],"predecessor-version":[{"id":787,"href":"https:\/\/kuremaa.eu\/jarvepaaste\/wp-json\/wp\/v2\/pages\/6\/revisions\/787"}],"wp:attachment":[{"href":"https:\/\/kuremaa.eu\/jarvepaaste\/wp-json\/wp\/v2\/media?parent=6"}],"curies":[{"name":"wp","href":"https:\/\/api.w.org\/{rel}","templated":true}]}}