{"id":588,"date":"2021-06-10T00:37:49","date_gmt":"2021-06-09T21:37:49","guid":{"rendered":"https:\/\/kuremaa.eu\/jarvepaaste\/?page_id=588"},"modified":"2026-01-06T21:56:25","modified_gmt":"2026-01-06T19:56:25","slug":"muud-teenused","status":"publish","type":"page","link":"https:\/\/kuremaa.eu\/jarvepaaste\/sadam\/muud-teenused\/","title":{"rendered":"Muud teenused"},"content":{"rendered":"\n<p><em><strong>MUUD SADAMAALA TEENUSED:<\/strong><\/em><\/p>\n\n\n\n<figure class=\"wp-block-table is-style-stripes\"><table><tbody><tr><td><strong>Teenus<\/strong><\/td><td><strong>\u00fchik<\/strong><\/td><td><strong>hind<\/strong><\/td><\/tr><tr><td>Grilliala kasutamine ja k\u00e4imla (sisaldab puid)<\/td><td>3h<\/td><td>20\u20ac<\/td><\/tr><tr><td>Telkimine ja k\u00e4imla (\u00fcks telk)<\/td><td>\u00f6\u00f6p\u00e4ev<\/td><td>10\u20ac<\/td><\/tr><tr><td>\u00d6\u00f6bimine ja k\u00e4imla (auto; haagis; karavan)<\/td><td>\u00f6\u00f6p\u00e4ev<\/td><td>15\u20ac<\/td><\/tr><\/tbody><\/table><\/figure>\n\n\n\n<p><strong>Grilliala kasutamine<\/strong><\/p>\n\n\n\n<p><em>Grilliala kasutamiseks on hinna sees grilli ja l\u00f5kkeaseme puud.<br \/>P\u00e4rast grilliala kasutamist korista ala ja paiguta tekkinud praht pr\u00fcgikasti. Prahi pr\u00fcgikasti mitte mahtumisel v\u00f5ta see endaga kaasa. V\u00e4lik\u00e4imla kasutamise v\u00f5imalus.<\/em><\/p>\n\n\n\n<p><strong>Telkimine<\/strong><\/p>\n\n\n\n<p><em>Telkida on lubatud sadamaala piires, soovituslikud kohad \u2013 pruuni aiamaja esine ja \u00fcle tee garaa\u017eist vasakule haljasala. V\u00e4lik\u00e4imla kasutamise v\u00f5imalus.<\/em><\/p>\n\n\n\n<p><strong>\u00d6\u00f6bimine<\/strong><\/p>\n\n\n\n<p><em>\u00d6\u00f6bimise alla kohaldub autoga, haagisega v\u00f5i haagissuvilaga \u00f6\u00f6bima j\u00e4\u00e4mine. Soovituslikud kohad parkimiseks sadama parkimismuul ja \u00fcle tee garaa\u017eist vasakule j\u00e4\u00e4v haljasala. V\u00e4lik\u00e4imla kasutamise v\u00f5imalus.<\/em><\/p>\n\n\n\n<p><strong>Joogivesi (allikas)<\/strong><\/p>\n\n\n\n<p><em>Kuremaa Allika paadisild ja sadam on oma nime saanud alal asuva allika j\u00e4rgi, kus torust voolavat vett on aastak\u00fcmneid kasutatud joogi- kui ka kastmisveeks.<\/em><\/p>\n\n\n\n<p class=\"has-text-align-center\"><strong>Info ja broneerimine: 5916 1510 v\u00f5i info@kuremaa.eu<\/strong><\/p>\n","protected":false},"excerpt":{"rendered":"<p>MUUD SADAMAALA TEENUSED: Teenus \u00fchik hind Grilliala kasutamine ja k\u00e4imla (sisaldab puid) 3h 20\u20ac Telkimine ja k\u00e4imla (\u00fcks telk) \u00f6\u00f6p\u00e4ev 10\u20ac \u00d6\u00f6bimine ja k\u00e4imla (auto; haagis; karavan) \u00f6\u00f6p\u00e4ev 15\u20ac Grilliala kasutamine Grilliala kasutamiseks on hinna sees grilli ja l\u00f5kkeaseme puud.P\u00e4rast grilliala kasutamist korista ala ja paiguta tekkinud praht pr\u00fcgikasti. Prahi pr\u00fcgikasti mitte mahtumisel v\u00f5ta see<br \/><a class=\"moretag\" href=\"https:\/\/kuremaa.eu\/jarvepaaste\/sadam\/muud-teenused\/\">+ Read More<\/a><\/p>\n","protected":false},"author":1,"featured_media":0,"parent":554,"menu_order":4,"comment_status":"closed","ping_status":"closed","template":"","meta":{"_monsterinsights_skip_tracking":false,"_monsterinsights_sitenote_active":false,"_monsterinsights_sitenote_note":"","_monsterinsights_sitenote_category":0,"footnotes":""},"class_list":["post-588","page","type-page","status-publish","hentry"],"aioseo_notices":[],"_links":{"self":[{"href":"https:\/\/kuremaa.eu\/jarvepaaste\/wp-json\/wp\/v2\/pages\/588","targetHints":{"allow":["GET"]}}],"collection":[{"href":"https:\/\/kuremaa.eu\/jarvepaaste\/wp-json\/wp\/v2\/pages"}],"about":[{"href":"https:\/\/kuremaa.eu\/jarvepaaste\/wp-json\/wp\/v2\/types\/page"}],"author":[{"embeddable":true,"href":"https:\/\/kuremaa.eu\/jarvepaaste\/wp-json\/wp\/v2\/users\/1"}],"replies":[{"embeddable":true,"href":"https:\/\/kuremaa.eu\/jarvepaaste\/wp-json\/wp\/v2\/comments?post=588"}],"version-history":[{"count":7,"href":"https:\/\/kuremaa.eu\/jarvepaaste\/wp-json\/wp\/v2\/pages\/588\/revisions"}],"predecessor-version":[{"id":810,"href":"https:\/\/kuremaa.eu\/jarvepaaste\/wp-json\/wp\/v2\/pages\/588\/revisions\/810"}],"up":[{"embeddable":true,"href":"https:\/\/kuremaa.eu\/jarvepaaste\/wp-json\/wp\/v2\/pages\/554"}],"wp:attachment":[{"href":"https:\/\/kuremaa.eu\/jarvepaaste\/wp-json\/wp\/v2\/media?parent=588"}],"curies":[{"name":"wp","href":"https:\/\/api.w.org\/{rel}","templated":true}]}}