{"id":578,"date":"2021-06-10T00:09:45","date_gmt":"2021-06-09T21:09:45","guid":{"rendered":"https:\/\/kuremaa.eu\/jarvepaaste\/?page_id=578"},"modified":"2025-04-16T01:59:17","modified_gmt":"2025-04-15T22:59:17","slug":"sadama-eeskiri","status":"publish","type":"page","link":"https:\/\/kuremaa.eu\/jarvepaaste\/sadam\/sadama-eeskiri\/","title":{"rendered":"Sadama eeskiri"},"content":{"rendered":"\n<ul class=\"wp-block-list\">\n<li>v\u00f5\u00f5rastes paatides ei viibita ilma omaniku loata;<\/li>\n\n\n\n<li>paatide hoiustamiseks sillal saavutatakse n\u00f5usolek haldajaga;<\/li>\n\n\n\n<li>paadi omanik t\u00fchjendab vihmaperioodil oma paati regulaarselt;<\/li>\n\n\n\n<li>vihmavee tase paadis ei tohi \u00fcletab 5cm piiri, nii kahjustab paadis olev veest tingitud koormus tugevama tuulega silda ja selle konstruktsioone;<\/li>\n\n\n\n<li>haldaja vajadus sekkuda paadiomaniku hooldamata (veest t\u00fchjendamata) paati toob kaasa \u00fchekordsed hooldusarved paadiomanikule ja nende eiramine v\u00f5i edaspidiselt t\u00e4itmata j\u00e4tmine v\u00f5ib kaasa tuua paadikoha rendilepingu \u00fchepoolse \u00fcles\u00fctlemise;<\/li>\n\n\n\n<li>telkimine, \u00f6\u00f6bimine v\u00f5i muul viisil ala kasutamine (kaasaarvatud veespordi tegevuse organiseerimine) lubatud AINULT haldaja n\u00f5usolekul p\u00e4rast vastava teenuse tellimist ja selle eest tasumist (v\u00f5ta \u00fchendust haldajaga!);<\/li>\n\n\n\n<li>paatide veeskamiseks j\u00e4etakse loodusliku slipi ala ja sellele ligip\u00e4\u00e4s vabaks;<\/li>\n\n\n\n<li>parkimiseks kasutatakse s\u00f5idutee \u00e4\u00e4ri v\u00f5imalikult ruumis\u00e4\u00e4stlikult (vaata ala kaarti, palun \u00c4RA PARGI eramaadele!);<\/li>\n\n\n\n<li>haagised v\u00f5ib parkida ka garaa\u017ei ja k\u00e4mpingu vahelisele teest kaugemale haljasalale;<\/li>\n\n\n\n<li>garaa\u017ei esine j\u00e4ta vabaks;<\/li>\n\n\n\n<li>alal hoia puhtust, korda ja rahu;<\/li>\n\n\n\n<li>sillal on kalastamine lubatud;<\/li>\n\n\n\n<li>sillalt on ujuma minek lubatud, palun t\u00f5sta p\u00e4rast ujumist redel v\u00e4lja;<\/li>\n\n\n\n<li>sadamaaalal on videovalve;<\/li>\n\n\n\n<li>Kuremaa Vabatahtlik J\u00e4rvep\u00e4\u00e4ste ei vastuta mistahes kahju eest, mis v\u00f5ib tekkida sadamaalal sealhulgas varguste, vandalismi, tormi, \u00f5nnetuse ja\/v\u00f5i tule\u00f5nnetuse jms tagaj\u00e4rel.<\/li>\n<\/ul>\n\n\n\n<figure class=\"wp-block-gallery aligncenter has-nested-images columns-default is-cropped wp-block-gallery-1 is-layout-flex wp-block-gallery-is-layout-flex\">\n<figure class=\"wp-block-image size-large is-style-default\"><img loading=\"lazy\" decoding=\"async\" width=\"972\" height=\"522\" data-id=\"579\" src=\"https:\/\/kuremaa.eu\/jarvepaaste\/files\/2021\/06\/maala-kaart.jpg\" alt=\"\" class=\"wp-image-579\" srcset=\"https:\/\/kuremaa.eu\/jarvepaaste\/files\/2021\/06\/maala-kaart.jpg 972w, https:\/\/kuremaa.eu\/jarvepaaste\/files\/2021\/06\/maala-kaart-300x161.jpg 300w, https:\/\/kuremaa.eu\/jarvepaaste\/files\/2021\/06\/maala-kaart-768x412.jpg 768w\" sizes=\"auto, (max-width: 972px) 100vw, 972px\" \/><\/figure>\n<\/figure>\n\n\n\n<p class=\"has-text-align-center\"><strong>e-mail:<\/strong>\u00a0info@kuremaa.eu\u00a0<em><strong>telefon:<\/strong>\u00a0+372 5916 1510<\/em><\/p>\n","protected":false},"excerpt":{"rendered":"<p>e-mail:\u00a0info@kuremaa.eu\u00a0telefon:\u00a0+372 5916 1510<\/p>\n","protected":false},"author":1,"featured_media":0,"parent":554,"menu_order":5,"comment_status":"closed","ping_status":"closed","template":"","meta":{"_monsterinsights_skip_tracking":false,"_monsterinsights_sitenote_active":false,"_monsterinsights_sitenote_note":"","_monsterinsights_sitenote_category":0,"footnotes":""},"class_list":["post-578","page","type-page","status-publish","hentry"],"aioseo_notices":[],"_links":{"self":[{"href":"https:\/\/kuremaa.eu\/jarvepaaste\/wp-json\/wp\/v2\/pages\/578","targetHints":{"allow":["GET"]}}],"collection":[{"href":"https:\/\/kuremaa.eu\/jarvepaaste\/wp-json\/wp\/v2\/pages"}],"about":[{"href":"https:\/\/kuremaa.eu\/jarvepaaste\/wp-json\/wp\/v2\/types\/page"}],"author":[{"embeddable":true,"href":"https:\/\/kuremaa.eu\/jarvepaaste\/wp-json\/wp\/v2\/users\/1"}],"replies":[{"embeddable":true,"href":"https:\/\/kuremaa.eu\/jarvepaaste\/wp-json\/wp\/v2\/comments?post=578"}],"version-history":[{"count":8,"href":"https:\/\/kuremaa.eu\/jarvepaaste\/wp-json\/wp\/v2\/pages\/578\/revisions"}],"predecessor-version":[{"id":800,"href":"https:\/\/kuremaa.eu\/jarvepaaste\/wp-json\/wp\/v2\/pages\/578\/revisions\/800"}],"up":[{"embeddable":true,"href":"https:\/\/kuremaa.eu\/jarvepaaste\/wp-json\/wp\/v2\/pages\/554"}],"wp:attachment":[{"href":"https:\/\/kuremaa.eu\/jarvepaaste\/wp-json\/wp\/v2\/media?parent=578"}],"curies":[{"name":"wp","href":"https:\/\/api.w.org\/{rel}","templated":true}]}}