{"id":554,"date":"2021-06-09T23:30:45","date_gmt":"2021-06-09T20:30:45","guid":{"rendered":"https:\/\/kuremaa.eu\/jarvepaaste\/?page_id=554"},"modified":"2026-01-06T21:53:44","modified_gmt":"2026-01-06T19:53:44","slug":"sadam","status":"publish","type":"page","link":"https:\/\/kuremaa.eu\/jarvepaaste\/sadam\/","title":{"rendered":"Sadam"},"content":{"rendered":"\n<h2 class=\"wp-block-heading\">Ala kasutamine<\/h2>\n\n\n\n<p><strong>Seltskonna kogunemine (4+ inimest) ehk sadama, parkla ja paadisilla kasutamine muul viisil (piknik, veespordip\u00e4ev, p\u00e4evitamine jne) rakendub ala ja silla kasutamise tasu \u00fche seltskonna kohta 20\u20ac\/p\u00e4ev.<\/strong><\/p>\n\n\n\n<p><strong><span style=\"background-color:rgba(0, 0, 0, 0)\" class=\"has-inline-color has-vivid-cyan-blue-color\">Kuremaa supelranna klientidel on kasutamiseks rannaparkla!<\/span><\/strong><\/p>\n\n\n\n<p><strong>Sadamaala tasulisi teenuseid mitte kasutavad kliendid ja s\u00f5idukite parkijad h\u00fcvitavad sadama territooriumi h\u00f5ivamise &#8211; tasu 5\u20ac\/p\u00e4ev<\/strong>. <strong><span style=\"background-color:rgba(0, 0, 0, 0)\" class=\"has-inline-color has-vivid-red-color\">\u00dclekanne on v\u00f5imalik teostada &#8220;Kuremaa Vabatahtlik J\u00e4rvep\u00e4\u00e4ste&#8221; konto nr EE097700771001270605, selgituseks &#8220;sadamaala kasutamine&#8221;<\/span><\/strong><span style=\"background-color:rgba(0, 0, 0, 0)\" class=\"has-inline-color has-vivid-red-color\">.<\/span><\/p>\n\n\n\n<p class=\"has-text-align-center\"><strong>e-mail:<\/strong> info@kuremaa.eu\u00a0<em><strong>telefon:<\/strong>\u00a0+372 5916 1510<\/em><\/p>\n","protected":false},"excerpt":{"rendered":"<p>Ala kasutamine Seltskonna kogunemine (4+ inimest) ehk sadama, parkla ja paadisilla kasutamine muul viisil (piknik, veespordip\u00e4ev, p\u00e4evitamine jne) rakendub ala ja silla kasutamise tasu \u00fche seltskonna kohta 20\u20ac\/p\u00e4ev. Kuremaa supelranna klientidel on kasutamiseks rannaparkla! Sadamaala tasulisi teenuseid mitte kasutavad kliendid ja s\u00f5idukite parkijad h\u00fcvitavad sadama territooriumi h\u00f5ivamise &#8211; tasu 5\u20ac\/p\u00e4ev. \u00dclekanne on v\u00f5imalik teostada &#8220;Kuremaa<br \/><a class=\"moretag\" href=\"https:\/\/kuremaa.eu\/jarvepaaste\/sadam\/\">+ Read More<\/a><\/p>\n","protected":false},"author":1,"featured_media":0,"parent":0,"menu_order":3,"comment_status":"closed","ping_status":"closed","template":"","meta":{"_monsterinsights_skip_tracking":false,"_monsterinsights_sitenote_active":false,"_monsterinsights_sitenote_note":"","_monsterinsights_sitenote_category":0,"footnotes":""},"class_list":["post-554","page","type-page","status-publish","hentry"],"aioseo_notices":[],"_links":{"self":[{"href":"https:\/\/kuremaa.eu\/jarvepaaste\/wp-json\/wp\/v2\/pages\/554","targetHints":{"allow":["GET"]}}],"collection":[{"href":"https:\/\/kuremaa.eu\/jarvepaaste\/wp-json\/wp\/v2\/pages"}],"about":[{"href":"https:\/\/kuremaa.eu\/jarvepaaste\/wp-json\/wp\/v2\/types\/page"}],"author":[{"embeddable":true,"href":"https:\/\/kuremaa.eu\/jarvepaaste\/wp-json\/wp\/v2\/users\/1"}],"replies":[{"embeddable":true,"href":"https:\/\/kuremaa.eu\/jarvepaaste\/wp-json\/wp\/v2\/comments?post=554"}],"version-history":[{"count":4,"href":"https:\/\/kuremaa.eu\/jarvepaaste\/wp-json\/wp\/v2\/pages\/554\/revisions"}],"predecessor-version":[{"id":809,"href":"https:\/\/kuremaa.eu\/jarvepaaste\/wp-json\/wp\/v2\/pages\/554\/revisions\/809"}],"wp:attachment":[{"href":"https:\/\/kuremaa.eu\/jarvepaaste\/wp-json\/wp\/v2\/media?parent=554"}],"curies":[{"name":"wp","href":"https:\/\/api.w.org\/{rel}","templated":true}]}}