{"id":29,"date":"2016-01-21T02:21:13","date_gmt":"2016-01-21T00:21:13","guid":{"rendered":"https:\/\/kuremaa.eu\/jarvepaaste\/?page_id=29"},"modified":"2025-03-29T00:20:07","modified_gmt":"2025-03-28T22:20:07","slug":"teenused","status":"publish","type":"page","link":"https:\/\/kuremaa.eu\/jarvepaaste\/teenused\/","title":{"rendered":"JP Teenused"},"content":{"rendered":"<p style=\"text-align: justify;\"><strong>Esmaabi:<\/strong><\/p>\n<p style=\"text-align: justify;\">Alates 2012. aastast alustasime Kuremaa Vabatahtliku J\u00e4rvep\u00e4\u00e4ste meeskonnaga avalikel \u00fcritustel esmaabi ja (vee)ohutuse tagamisega.<\/p>\n<p style=\"text-align: justify;\">Oleme meeskonnaga ohutuse tagamiseks osalenud perep\u00e4evadel, suvep\u00e4evadel, ujumisv\u00f5istlustel, jooksukrossidel, suusav\u00f5istlustel ja kontsertidel.<\/p>\n<p style=\"text-align: justify;\">Huvi korral saab t\u00e4psemalt lugeda\u00a0meie <a href=\"https:\/\/kuremaa.eu\/jarvepaaste\/uritused\/\">\u00fcrituste lingilt.<\/a><\/p>\n<p><strong>Veeohutus:<\/strong><\/p>\n<p style=\"text-align: justify;\"><img loading=\"lazy\" decoding=\"async\" class=\"aligncenter size-full wp-image-242\" src=\"https:\/\/kuremaa.eu\/jarvepaaste\/wp-content\/blogs.dir\/2\/files\/2016\/01\/veeohutus01.jpg\" alt=\"veeohutus01\" width=\"1000\" height=\"397\" srcset=\"https:\/\/kuremaa.eu\/jarvepaaste\/files\/2016\/01\/veeohutus01.jpg 1000w, https:\/\/kuremaa.eu\/jarvepaaste\/files\/2016\/01\/veeohutus01-300x119.jpg 300w, https:\/\/kuremaa.eu\/jarvepaaste\/files\/2016\/01\/veeohutus01-768x305.jpg 768w\" sizes=\"auto, (max-width: 1000px) 100vw, 1000px\" \/><\/p>\n<p style=\"text-align: justify;\">Veeohutuse tagamiseks on meid v\u00f5imalik tellida \u00fcksk\u00f5ik millisele veekogu \u00e4\u00e4res toimuvale \u00fcritusele. Populaarsemad on laagrid, firmade suvep\u00e4evad, pere- ja veep\u00e4evad. Oleme valmis veeohutuse nimel toimetama ka veekogudel, kuhu on vastavalt s\u00fcndmuse omap\u00e4rale tarvilik kaasa v\u00f5tta ka paat v\u00f5i muu sobilik alus.<\/p>\n<p style=\"text-align: justify;\"><img loading=\"lazy\" decoding=\"async\" class=\"aligncenter size-full wp-image-243\" src=\"https:\/\/kuremaa.eu\/jarvepaaste\/wp-content\/blogs.dir\/2\/files\/2016\/01\/veeohutus02.jpg\" alt=\"veeohutus02\" width=\"1000\" height=\"417\" srcset=\"https:\/\/kuremaa.eu\/jarvepaaste\/files\/2016\/01\/veeohutus02.jpg 1000w, https:\/\/kuremaa.eu\/jarvepaaste\/files\/2016\/01\/veeohutus02-300x125.jpg 300w, https:\/\/kuremaa.eu\/jarvepaaste\/files\/2016\/01\/veeohutus02-768x320.jpg 768w\" sizes=\"auto, (max-width: 1000px) 100vw, 1000px\" \/><\/p>\n<p style=\"text-align: justify;\"><strong>Veekogu p\u00f5hja puhastus:<\/strong><\/p>\n<p style=\"text-align: justify;\">Meie meeskond<a href=\"https:\/\/kuremaa.eu\/jarvepaaste\/wp-content\/blogs.dir\/2\/files\/2016\/01\/2013-06-28-18.16.51.jpg\"><img loading=\"lazy\" decoding=\"async\" class=\"alignright wp-image-338\" src=\"https:\/\/kuremaa.eu\/jarvepaaste\/wp-content\/blogs.dir\/2\/files\/2016\/01\/2013-06-24-19.23.05.jpg\" alt=\"2013-06-24 19.23.05\" width=\"399\" height=\"266\" srcset=\"https:\/\/kuremaa.eu\/jarvepaaste\/files\/2016\/01\/2013-06-24-19.23.05.jpg 960w, https:\/\/kuremaa.eu\/jarvepaaste\/files\/2016\/01\/2013-06-24-19.23.05-300x200.jpg 300w, https:\/\/kuremaa.eu\/jarvepaaste\/files\/2016\/01\/2013-06-24-19.23.05-768x512.jpg 768w\" sizes=\"auto, (max-width: 399px) 100vw, 399px\" \/><\/a> on aastaid oma koduj\u00e4rve, Kuremaa j\u00e4rve \u00e4\u00e4res teostanud p\u00f5hja puhastust mitmes erinevas kohas ja viisil. Peamised koristusvajadused: vetikate koristus, veetaimestiku niitmine ja veekogu p\u00f5hja kontrollimine ning puhastamine suplemiseks ohtlikest esemetest. Kohad, mis on pool sajandit v\u00f5i isegi rohkem olnud ujumiseks kasutatavad v\u00f5i aleviku k\u00fcljealune kallasala. Nendest kohtadest tuleb vette h\u00fcpetega p\u00f5hja uhtumisest ohtralt v\u00e4lja ohtlikke esemeid.<\/p>\n<p><strong>Veetaimestiku niitmine:<\/strong><\/p>\n<p style=\"text-align: justify;\">2019. aastast alates teostame veekogudel veetaimestiku niitmist spetsiaalse niiduseadmega Dorocutter Hymo. Niiduseade v\u00f5imaldab paadile kinnitatuna niita kuni 1,5m s\u00fcgavuselt ja \u00fche triibuna 1,2m laiuselt. Niidu kiiruseks on olenevalt veetaimestiku tihedusest ja s\u00fcgavusest 0-70m\/min.<a href=\"https:\/\/kuremaa.eu\/jarvepaaste\/files\/2021\/06\/niitmine.jpg\"><img loading=\"lazy\" decoding=\"async\" class=\"aligncenter size-full wp-image-597\" src=\"https:\/\/kuremaa.eu\/jarvepaaste\/files\/2021\/06\/niitmine.jpg\" alt=\"\" width=\"628\" height=\"472\" srcset=\"https:\/\/kuremaa.eu\/jarvepaaste\/files\/2021\/06\/niitmine.jpg 628w, https:\/\/kuremaa.eu\/jarvepaaste\/files\/2021\/06\/niitmine-300x225.jpg 300w\" sizes=\"auto, (max-width: 628px) 100vw, 628px\" \/><\/a><\/p>\n<p>Hinnakiri:<\/p>\n<ul>\n<li>Transport 0,4\u20ac\/km (asukoht Kuremaa)<\/li>\n<li>Niidumasina ja paadi ettevalmistamine 20\u20ac<\/li>\n<li>T\u00f6\u00f6 niidumasinaga 40\u20ac\/h<\/li>\n<li>Niidetud taimestiku kogumine ja kaldaala korrastamine 30\u20ac\/h<\/li>\n<\/ul>\n<p style=\"text-align: justify;\">V\u00f5imalik rentida masin ka kliendile oma paadil iseseisvaks kasutamiseks 70\u20ac\/p\u00e4ev v\u00f5i koos paadi, p\u00e4ramootori ja haagisega 140\u20ac\/p\u00e4ev. Muud kasutusajad kokkuleppel!<\/p>\n<p><strong>Paadisadama arendamine:<\/strong><\/p>\n<p style=\"text-align: justify;\">Kuremaale kohaliku paadisadama arendamine on meie missiooniks olnud juba 2013. aasta kevadest. Nimelt 2012. aasta s\u00fcgiseni said paadiomanikud kokkuleppel Kuremaa supelranna haldajaga tasu eest oma paate hoida rannas paadisillal.<\/p>\n<p style=\"text-align: justify;\"><img loading=\"lazy\" decoding=\"async\" class=\"wp-image-203 alignleft\" src=\"https:\/\/kuremaa.eu\/jarvepaaste\/wp-content\/blogs.dir\/2\/files\/2016\/01\/allikas.jpg\" alt=\"allikas\" width=\"400\" height=\"300\" srcset=\"https:\/\/kuremaa.eu\/jarvepaaste\/files\/2016\/01\/allikas.jpg 589w, https:\/\/kuremaa.eu\/jarvepaaste\/files\/2016\/01\/allikas-300x225.jpg 300w\" sizes=\"auto, (max-width: 400px) 100vw, 400px\" \/>2014. aasta varakevadel, kui j\u00e4\u00e4 veel peal oli, niitsime pealt pilliroo maha nii suurelt alalt, kui planeerisime suvel hooldama hakata. See kergendas kevadist esimest hooldust ja ka silla paigaldamist, kuna vettinud pilliroopraht ei j\u00e4\u00e4nud t\u00f6\u00f6de teostamiseks ette. Uue ilme sai ka silla k\u00f5rval voolav allikas. 2013. aasta kevadel paigaldati J\u00f5geva Vallavalitsuse tellimusel Kuremaa supelranda uus ujumissild, mille t\u00f5ttu juba ajahammast n\u00e4inud vana sild j\u00e4i kaldale uut ideed v\u00f5i l\u00f5kkealgatust ootama. Sellest tulenevalt tekkis ka varakevadel eelinfona ranna ujumissilla platvormide \u00fclej\u00e4\u00e4misest idee Kuremaa paadisadama (silla) loomiseks. Sai luba k\u00fcsitud omavalitsusest platvormide kasutamiseks ja nii \u00f5nnestus paadisadama paadisilla ehitamisega j\u00f5udum\u00f6\u00f6da tegeleda ja platvorme rannast oma uue otstarbe jaoks kohale toimetada, kuniks see \u00e4ra keelati. Seet\u00f5ttu j\u00e4i 2013. aastal paadisild vaid 1\/3 oma praegusest pikkusest. Sama aasta suvel toimus Kuremaal esimest korda noortelaager, Kuremaa Suvelaager, kus noored tegid heakorrat\u00f6\u00f6dena\u00a0loodavas paadisadamas pilliroo niitmist, et paatidega kergemini pilliroost v\u00e4lja ragistada. Lisaks sai \u00fcmber pooliku silla sisse niidetud nulli kujuline mull ja S-t\u00e4he kujuline looklev tee l\u00e4bi pilliroo vaba veeni. Sellisel\u00a0niitmisel oli oma p\u00f5him\u00f5te, t\u00f5kestada pikku j\u00e4rve puhuvate tuulte korral lainetuse tekitatavaid kahjusid paatidele.<\/p>\n<p style=\"text-align: justify;\">1. mail 2014. aastal tulid kokku paadiomanikud ja \u00fchisel j\u00f5ul <img loading=\"lazy\" decoding=\"async\" class=\"wp-image-204 alignright\" src=\"https:\/\/kuremaa.eu\/jarvepaaste\/wp-content\/blogs.dir\/2\/files\/2016\/01\/map-1024x601.jpg\" alt=\"map\" width=\"399\" height=\"234\" srcset=\"https:\/\/kuremaa.eu\/jarvepaaste\/files\/2016\/01\/map-1024x601.jpg 1024w, https:\/\/kuremaa.eu\/jarvepaaste\/files\/2016\/01\/map-300x176.jpg 300w, https:\/\/kuremaa.eu\/jarvepaaste\/files\/2016\/01\/map-768x451.jpg 768w, https:\/\/kuremaa.eu\/jarvepaaste\/files\/2016\/01\/map.jpg 1233w\" sizes=\"auto, (max-width: 399px) 100vw, 399px\" \/>paigaldati paadisild, n\u00fc\u00fcdseks oli olema luba ka supelrannast \u00fclej\u00e4\u00e4nud platvormide \u00e4ra toomiseks ja \u00fchiskondlikuks tarbeks kasutamiseks. Sama p\u00e4eva \u00f5htuks oli paadisild peaaegu paigas. Paigaldada j\u00e4i veel otsa platvorm, selle paigaldamine tuli m\u00f5neks p\u00e4evaks edasi l\u00fckata, kuna lainetus segas s\u00fcgavas vees toimetamist.<\/p>\n<p style=\"text-align: justify;\">K\u00f5igil soovijatel on v\u00f5imalus oma paat sillal hoiustada. Meie palju ei n\u00f5ua, k\u00e4ituge heaperemehelikult, aidake paadisadama arendamisele kaasa ja paadikoht on teil olemas. Selleks, et kellegi olemasolevat paadikohta mitte \u00e4ra v\u00f5tta, palun v\u00f5tke eelnevalt meiega \u00fchendust, kohtume ja leiame teie paadile kodukoha. 2014. aastal p\u00fc\u00fcdsime pilliroo kasvu paadisadama alal pidama saada ja hoida puhast veepinda. Tasandada paadisadama maaala, k\u00fclvata muru ja v\u00f5imaluste piires paadisilda pikendada, et ka kaldalt kalastamine mugavamaks muuta. Niipea, kui suvel pilliroog end vee pinnale ajas, sai see kohe ka maha <img loading=\"lazy\" decoding=\"async\" class=\"wp-image-201 alignleft\" src=\"https:\/\/kuremaa.eu\/jarvepaaste\/wp-content\/blogs.dir\/2\/files\/2016\/01\/sild14.jpg\" alt=\"sild14\" width=\"400\" height=\"300\" srcset=\"https:\/\/kuremaa.eu\/jarvepaaste\/files\/2016\/01\/sild14.jpg 589w, https:\/\/kuremaa.eu\/jarvepaaste\/files\/2016\/01\/sild14-300x225.jpg 300w\" sizes=\"auto, (max-width: 400px) 100vw, 400px\" \/>niidetud. Juulis tuli taaskord kokku Kuremaa Suvelaager, kus noored heakorrat\u00f6\u00f6dena andsid paadisadamale veelgi avarama kuju ja pillirooga katmata ala sai veidi laiendatud. Laiendamise eesm\u00e4rgiks oli paatide parema liiklemise tagamine, ala parem n\u00e4htavaks tegemine ka k\u00fclaelanikele ja l\u00e4hedal olevatele majadele, kus akendest avaneb kaunis vaade niidetud paadisadama alale. Parem vaade, tagab ka parema naabrivalve, kuna \u00fcmbruses on naabrid. Uuno Laul toetas paadisadama arendamist liivakoormaga ja koos laagrinoortega anti panus ka liiva alale laiali vedamisega, et t\u00f5kestada ala porisust. Nii sai alguse ka paadisadama silla j\u00e4rvepoolse otsa kujundamine privaatsemaks supluskohaks. Sinna on ujuma ja p\u00e4evitama oodatud need, kes supelrannas rohke k\u00e4ra ja rahva keskel ujuda ei eelista. 2015. aasta hooajal oli paadisild koduks kaheteistk\u00fcmnele paadile.<\/p>\n<p style=\"text-align: justify;\">2015. aastal kohendasime kallasala &#8211; eemaldasime v\u00f5sa, t\u00e4itsime pinnast, vedasime veest sodi v\u00e4lja ja tasandasime kaldaala. N\u00fc\u00fcd on v\u00f5imalik isegi paate vette lasta, kuigi kallasalal on olenevalt ilmastikust tihti madal vesi.<\/p>\n<p style=\"text-align: justify;\">2016. aasta kevadel paigaldasime silla esmakordselt juba aprilli keskel ja hooaja jooksul oleme paadisadama veeala laiendanud umbes 6 meetri v\u00f5rra. Tekitades ruumi paadislipi v\u00f5imalikult looduslikuks kohandumiseks.<\/p>\n<p>2017. aastal oli sadam kesksuveni ilma sillata, kuid siis sai paika erinevate projektide, sponsorite ja oma finantsiliste vahendiga uus pontoonidel ujuvsild.<\/p>\n<p>2018. aastal sai r\u00f5hku pandud taaskord pilliroo piiramisele, veep\u00f5hja p\u00f5hjalikule koristamisele ja kallasala korrastamisele.<\/p>\n<p>2019. aastal korrastasime veel kallasala, et vabaneda mudasest libedusest ja eemaldasime j\u00e4rvemudast ala kaldalt.<\/p>\n<p>2020. aastal sai vee- ja kanalisatsioonitrasside ehitusest \u00fclej\u00e4\u00e4va pinnasega viimaks ala t\u00e4nap\u00e4evaseks ja tugeva pinnase ning korrektsema v\u00e4limuse. Hooaja keskel sai taaskohendatud pikniku- ja grilliala.<\/p>\n<p>2021. aastal t\u00e4iendasime oluliselt lisateenuste loetelu, et paadiomanikel ja klientidel oleks ka meeldiv aega veeta ning pikemalt kohapeal peatuda. Avasime laialdase lisavarustusega iseteenindusega laenutuse, strateegiliselt olulised ruumid, saunatamise v\u00f5imaluse ja ka uudse sisustuse saanud k\u00e4mpingu.<\/p>\n<p style=\"text-align: justify;\"><img loading=\"lazy\" decoding=\"async\" class=\"alignnone size-large wp-image-202\" src=\"https:\/\/kuremaa.eu\/jarvepaaste\/wp-content\/blogs.dir\/2\/files\/2016\/01\/sild15-1024x332.jpg\" alt=\"sild15\" width=\"1024\" height=\"332\" srcset=\"https:\/\/kuremaa.eu\/jarvepaaste\/files\/2016\/01\/sild15.jpg 1024w, https:\/\/kuremaa.eu\/jarvepaaste\/files\/2016\/01\/sild15-300x97.jpg 300w, https:\/\/kuremaa.eu\/jarvepaaste\/files\/2016\/01\/sild15-768x249.jpg 768w\" sizes=\"auto, (max-width: 1024px) 100vw, 1024px\" \/><\/p>\n<p style=\"text-align: justify;\"><strong><a href=\"https:\/\/kuremaa.eu\/jarvepaaste\/teenused\/sadama-hinnakiri\/\">Paadisadama hinnakiri<\/a><\/strong><\/p>\n<p style=\"text-align: justify;\"><strong>Sildade monteerimine ja demonteerimine:<\/strong><\/p>\n<p style=\"text-align: justify;\"><img loading=\"lazy\" decoding=\"async\" class=\"aligncenter size-full wp-image-239\" src=\"https:\/\/kuremaa.eu\/jarvepaaste\/wp-content\/blogs.dir\/2\/files\/2016\/01\/sild1.jpg\" alt=\"sild1\" width=\"1000\" height=\"444\" srcset=\"https:\/\/kuremaa.eu\/jarvepaaste\/files\/2016\/01\/sild1.jpg 1000w, https:\/\/kuremaa.eu\/jarvepaaste\/files\/2016\/01\/sild1-300x133.jpg 300w, https:\/\/kuremaa.eu\/jarvepaaste\/files\/2016\/01\/sild1-768x341.jpg 768w\" sizes=\"auto, (max-width: 1000px) 100vw, 1000px\" \/><\/p>\n<p style=\"text-align: justify;\">Meeskonnaga oleme kolmel aastal toimetanud Kuremaa avaliku supelranna sildade monteerimise- ja demonteerimisega ning vajadusel parandamisega. Erinevate sildade ehitusega tegeleme lisat\u00f6\u00f6na 2013. aastast.<\/p>\n<p style=\"text-align: justify;\"><strong>Parkimise korraldamine:<\/strong><\/p>\n<p style=\"text-align: justify;\"><em><strong>Teostame festivalidel, laatadel ja kokkutulekutel parkimist.<\/strong><\/em><\/p>\n<p style=\"text-align: justify;\">Oleme 8. aastal parkimise korraldamisega olnud abiks K\u00fc\u00fcslaugu Festivalil ja 4. aastal Paunvere v\u00e4ljan\u00e4itusel. T\u00e4iendavalt on meie meeskonnaliikmed iseseisvalt viibinud abis Paunvere v\u00e4ljan\u00e4itusel ja Kasep\u00e4\u00e4 Kalalaadal.<\/p>\n<p style=\"text-align: justify;\">K\u00fc\u00fcslaugu festivalil oleme kohal olnud alati 3-4 meeskonnaliikmega.<\/p>\n<p style=\"text-align: justify;\"><img loading=\"lazy\" decoding=\"async\" class=\"alignnone size-large wp-image-200\" src=\"https:\/\/kuremaa.eu\/jarvepaaste\/wp-content\/blogs.dir\/2\/files\/2016\/01\/parkimine-1024x288.jpg\" alt=\"parkimine\" width=\"1024\" height=\"288\" srcset=\"https:\/\/kuremaa.eu\/jarvepaaste\/files\/2016\/01\/parkimine.jpg 1024w, https:\/\/kuremaa.eu\/jarvepaaste\/files\/2016\/01\/parkimine-300x84.jpg 300w, https:\/\/kuremaa.eu\/jarvepaaste\/files\/2016\/01\/parkimine-768x216.jpg 768w\" sizes=\"auto, (max-width: 1024px) 100vw, 1024px\" \/>Paunvere v\u00e4ljan\u00e4itusel oli meil 2013. aastal \u00fcks parkla koos 4 meeskonnaliikmega ja 2014. aastal neli parklat 24 meeskonnaliikmega.<\/p>\n<p style=\"text-align: justify;\"><strong>Koolitused:<\/strong><\/p>\n<p style=\"text-align: justify;\"><strong>Algteadmiste koolitus koos praktiliste tegevustega:<\/strong><\/p>\n<ul>\n<li>Viskeliini, p\u00e4\u00e4ster\u00f5nga, p\u00e4\u00e4stepoi kasutamine<\/li>\n<li>Tutvumine erinevate p\u00e4\u00e4stevestidega<\/li>\n<li>Kontakti loomine kannatanuga<\/li>\n<li>Veest nuku p\u00e4\u00e4stmine ja transport<\/li>\n<li>Vees m\u00f6\u00f6da toru liikumine<\/li>\n<li>Vees paadi \u00fcmber p\u00f6\u00f6ramine<\/li>\n<li>Eseme veest v\u00e4lja toomine<\/li>\n<li>Isiklikud ja \u00fchised p\u00e4\u00e4stevahendid<\/li>\n<li>Aerupaadi kasutamine (aerutamise \u00f5pe)<\/li>\n<li>. . .<\/li>\n<\/ul>\n<p><strong>Beebide, v\u00e4ikelaste ja t\u00e4iskasvanute ujumise alg\u00f5pe:<\/strong><\/p>\n<ul>\n<li>Veega harjumine<\/li>\n<li>Usalduse loomine<\/li>\n<li>Vette hingamine<\/li>\n<li>Vees liikumine<\/li>\n<li>Keha hoidmine<\/li>\n<li>Suplemine<\/li>\n<li>Ujumisstiilid<\/li>\n<li>Liikumine poiga<\/li>\n<li>. . .<\/li>\n<\/ul>\n<p><strong>Edasij\u00f5udnutele:<\/strong><\/p>\n<ul>\n<li>Snorgeldamine<\/li>\n<li>Sukeldumine<\/li>\n<li>Paadi p\u00e4ramootori kasutamine<\/li>\n<li>Rannavalve t\u00f6\u00f6korraldus<\/li>\n<li>. . .<\/li>\n<\/ul>\n<p><img loading=\"lazy\" decoding=\"async\" class=\"aligncenter size-full wp-image-247\" src=\"https:\/\/kuremaa.eu\/jarvepaaste\/wp-content\/blogs.dir\/2\/files\/2016\/01\/koolitus01.jpg\" alt=\"koolitus01\" width=\"1000\" height=\"283\" srcset=\"https:\/\/kuremaa.eu\/jarvepaaste\/files\/2016\/01\/koolitus01.jpg 1000w, https:\/\/kuremaa.eu\/jarvepaaste\/files\/2016\/01\/koolitus01-300x85.jpg 300w, https:\/\/kuremaa.eu\/jarvepaaste\/files\/2016\/01\/koolitus01-768x217.jpg 768w\" sizes=\"auto, (max-width: 1000px) 100vw, 1000px\" \/><\/p>\n<p style=\"text-align: justify;\"><a href=\"https:\/\/kuremaa.eu\/jarvepaaste\/teenused\/laenutamine\/\">L<strong>aenutamine<\/strong><\/a><\/p>\n<p style=\"text-align: justify;\"><strong>K\u00e4tised lastele:<\/strong><\/p>\n<p style=\"text-align: justify;\">Pakume m\u00fc\u00fcgiks Monkey Swimmers k\u00e4tiseid, mis on v\u00e4ga edukalt kasutusel USAs ja Inglismaal. Eriliseks teeb need k\u00e4tised see, et nad on samast materjalist nagu teised pehmed ujumist abistavad vahendid (nuudlid, lauad jne). Lisaks ei ole nendega kunagi probleeme, et l\u00e4hevad \u00f5hust t\u00fchjaks v\u00f5i osutuvad vigastuse p\u00e4rast kasutusk\u00f5lbmatuks.<\/p>\n<p style=\"text-align: justify;\">Need k\u00e4tised on kauakestvad ja lapse suureks kasvades ning vajaduse l\u00f5ppedes v\u00f5ib need taaskord j\u00e4rgmistele t\u00e4nulikele lapsevanematele interneti j\u00e4relm\u00fc\u00fcgi<a href=\"https:\/\/kuremaa.eu\/jarvepaaste\/wp-content\/blogs.dir\/2\/files\/2016\/01\/monkey-swimmers-armbands_large.jpg\"><img loading=\"lazy\" decoding=\"async\" class=\"alignleft wp-image-353\" src=\"https:\/\/kuremaa.eu\/jarvepaaste\/wp-content\/blogs.dir\/2\/files\/2016\/01\/monkey-swimmers-armbands_large.jpg\" alt=\"Monkey Swimmers eemaldatavad sektorid\" width=\"200\" height=\"200\" srcset=\"https:\/\/kuremaa.eu\/jarvepaaste\/files\/2016\/01\/monkey-swimmers-armbands_large.jpg 480w, https:\/\/kuremaa.eu\/jarvepaaste\/files\/2016\/01\/monkey-swimmers-armbands_large-150x150.jpg 150w, https:\/\/kuremaa.eu\/jarvepaaste\/files\/2016\/01\/monkey-swimmers-armbands_large-300x300.jpg 300w\" sizes=\"auto, (max-width: 200px) 100vw, 200px\" \/><\/a> keskkondades edasi pakkuda. Need k\u00e4tised p\u00fcsivad kindlalt \u00fcmber k\u00e4e ega tule m\u00e4nguhoos \u00e4ra. M\u00f5eldud vanusele 1-6 eluaastat, kus vastavalt vanusele saab veepinnal hoidvaid r\u00f5ngaid eemaldada, mis tagab lapsele m\u00e4rkamatu \u00fclemineku iseseisvaks veepinnal p\u00fcsimiseks ja annab lapsele m\u00e4rku, et veepinnal p\u00fcsimiseks ja paremaks liikuvuseks tuleb rohkem k\u00e4si ja jalgu liigutada.<a href=\"https:\/\/kuremaa.eu\/jarvepaaste\/wp-content\/blogs.dir\/2\/files\/2016\/01\/katised_03.jpg\"><img loading=\"lazy\" decoding=\"async\" class=\"wp-image-352 alignright\" src=\"https:\/\/kuremaa.eu\/jarvepaaste\/wp-content\/blogs.dir\/2\/files\/2016\/01\/katised_05.jpg\" alt=\"Alla kahe aastane laps k\u00e4tistega iseseisvalt basseinis\" width=\"320\" height=\"222\" srcset=\"https:\/\/kuremaa.eu\/jarvepaaste\/files\/2016\/01\/katised_05.jpg 999w, https:\/\/kuremaa.eu\/jarvepaaste\/files\/2016\/01\/katised_05-300x208.jpg 300w, https:\/\/kuremaa.eu\/jarvepaaste\/files\/2016\/01\/katised_05-768x533.jpg 768w\" sizes=\"auto, (max-width: 320px) 100vw, 320px\" \/><\/a><\/p>\n<p style=\"text-align: justify;\">Niisuguseid k\u00e4tiseid Eesti kauplustes ja e-poodides ei m\u00fc\u00fcda. K\u00fcll saate neid tellida meilt.<\/p>\n<p style=\"text-align: justify;\"><strong>K\u00e4tiste ja inglise keelse &#8220;Monkey can&#8217;t swim&#8221; raamatu komplektne hind on 42 eurot.<\/strong><\/p>\n<p style=\"text-align: justify;\">Vajadusel saadame ka Smartposti v\u00f5i DPD pakiautomaati.<\/p>\n<p style=\"text-align: justify;\"><em><strong>K\u00e4tiseid on v\u00f5imalik Kuremaal ka laenutada ja testida: 3\u20ac p\u00e4ev<\/strong><\/em><\/p>\n<p style=\"text-align: left;\"><iframe loading=\"lazy\" src=\"https:\/\/www.youtube.com\/embed\/glfS8Jpht24?rel=0&amp;showinfo=0\" width=\"740\" height=\"416\" frameborder=\"0\" allowfullscreen=\"allowfullscreen\"><\/iframe><\/p>\n","protected":false},"excerpt":{"rendered":"<p>Esmaabi: Alates 2012. aastast alustasime Kuremaa Vabatahtliku J\u00e4rvep\u00e4\u00e4ste meeskonnaga avalikel \u00fcritustel esmaabi ja (vee)ohutuse tagamisega. Oleme meeskonnaga ohutuse tagamiseks osalenud perep\u00e4evadel, suvep\u00e4evadel, ujumisv\u00f5istlustel, jooksukrossidel, suusav\u00f5istlustel ja kontsertidel. Huvi korral saab t\u00e4psemalt lugeda\u00a0meie \u00fcrituste lingilt. Veeohutus: Veeohutuse tagamiseks on meid v\u00f5imalik tellida \u00fcksk\u00f5ik millisele veekogu \u00e4\u00e4res toimuvale \u00fcritusele. Populaarsemad on laagrid, firmade suvep\u00e4evad, pere- ja veep\u00e4evad.<br \/><a class=\"moretag\" href=\"https:\/\/kuremaa.eu\/jarvepaaste\/teenused\/\">+ Read More<\/a><\/p>\n","protected":false},"author":1,"featured_media":0,"parent":0,"menu_order":1,"comment_status":"closed","ping_status":"closed","template":"","meta":{"_monsterinsights_skip_tracking":false,"_monsterinsights_sitenote_active":false,"_monsterinsights_sitenote_note":"","_monsterinsights_sitenote_category":0,"footnotes":""},"class_list":["post-29","page","type-page","status-publish","hentry"],"aioseo_notices":[],"_links":{"self":[{"href":"https:\/\/kuremaa.eu\/jarvepaaste\/wp-json\/wp\/v2\/pages\/29","targetHints":{"allow":["GET"]}}],"collection":[{"href":"https:\/\/kuremaa.eu\/jarvepaaste\/wp-json\/wp\/v2\/pages"}],"about":[{"href":"https:\/\/kuremaa.eu\/jarvepaaste\/wp-json\/wp\/v2\/types\/page"}],"author":[{"embeddable":true,"href":"https:\/\/kuremaa.eu\/jarvepaaste\/wp-json\/wp\/v2\/users\/1"}],"replies":[{"embeddable":true,"href":"https:\/\/kuremaa.eu\/jarvepaaste\/wp-json\/wp\/v2\/comments?post=29"}],"version-history":[{"count":86,"href":"https:\/\/kuremaa.eu\/jarvepaaste\/wp-json\/wp\/v2\/pages\/29\/revisions"}],"predecessor-version":[{"id":784,"href":"https:\/\/kuremaa.eu\/jarvepaaste\/wp-json\/wp\/v2\/pages\/29\/revisions\/784"}],"wp:attachment":[{"href":"https:\/\/kuremaa.eu\/jarvepaaste\/wp-json\/wp\/v2\/media?parent=29"}],"curies":[{"name":"wp","href":"https:\/\/api.w.org\/{rel}","templated":true}]}}