{"id":12,"date":"2016-01-21T01:12:50","date_gmt":"2016-01-20T23:12:50","guid":{"rendered":"https:\/\/kuremaa.eu\/jarvepaaste\/?page_id=12"},"modified":"2025-03-29T00:22:53","modified_gmt":"2025-03-28T22:22:53","slug":"uritused","status":"publish","type":"page","link":"https:\/\/kuremaa.eu\/jarvepaaste\/uritused\/","title":{"rendered":"\u00dcritused"},"content":{"rendered":"<p><strong>2025 aasta:<\/strong><\/p>\n<p>Eelkooliealiste ja esimese kooliastme laste ujumise alg\u00f5petuse l\u00e4biviimine Kuremaa Elamuskeskuse ujulas ja Sihtasutus P\u00f5ltsamaa Sport ujulas.<\/p>\n<p><strong>2024 aasta:<\/strong><\/p>\n<p>Eelkooliealiste ja esimese kooliastme laste ujumise alg\u00f5petuse l\u00e4biviimine Kuremaa Elamuskeskuse ujulas ja Sihtasutus P\u00f5ltsamaa Sport ujulas.<\/p>\n<p><strong>2023 aasta:<\/strong><\/p>\n<p>02.-04.08.2023 \u2013 Lastelaagri veeohutuse turvamine Prossa j\u00e4rve \u00e4\u00e4res.<br \/>Eelkooliealiste ja esimese kooliastme laste ujumise alg\u00f5petuse l\u00e4biviimine Kuremaa Elamuskeskuse ujulas ja Sihtasutus P\u00f5ltsamaa Sport ujulas.<\/p>\n<p><strong>2022 aasta:<\/strong><\/p>\n<p><strong>2021 aasta:<\/strong><\/p>\n<p>10.07.2021 \u2013 Veeohutusp\u00e4ev &#8220;Oska olla veekogul ohutult&#8221; Udu talus.<br \/>14.08.2021 \u2013 Triatlon Estonia veeohutuse tagamine ujumisel Kuremaa j\u00e4rvel.<\/p>\n<p><span style=\"font-size: inherit;\"><strong>2020 aasta:<\/strong><\/span><\/p>\n<p><span style=\"font-size: inherit;\">2020. aasta basseinihooajal korraldab Kuremaa Vabatahtlik J\u00e4rvep\u00e4\u00e4ste Kuremaa ujulas ujumise alg\u00f5pet riikliku \u00f5ppeprogrammi alusel.<\/span><\/p>\n<p><strong>2019 aasta:<\/strong><\/p>\n<p>02.06.2019 \u2013 Seiklussari ACE Xdream 2019 Kuremaal (veeohutus)<br \/>10.06.2019 \u2013 Veeohutuse l\u00fchikoolitus koos praktilise osaga noortele Udu talus (veeohutus ja praktiline \u00f5pe)<br \/>23-26.07.2019 \u2013 Eesti 4H Suvelaager Voore K\u00fclalistemajas (veeohutus ja noorte \u00fcldine ohutus laagris)<\/p>\n<p>2019. aasta rannahooajal korraldab Kuremaa Vabatahtlik J\u00e4rvep\u00e4\u00e4ste Kuremaa supelrannas rannavalve ja rannahoolduse teenust.<\/p>\n<p>2019. aasta basseinihooajal korraldab Kuremaa Vabatahtlik J\u00e4rvep\u00e4\u00e4ste Kuremaa ujulas ujumise alg\u00f5pet riikliku \u00f5ppeprogrammi j\u00e4rgi.<\/p>\n<p><strong>2018 aasta:<\/strong><\/p>\n<p>19.01-13.05.2018 \u2013 Ujumise alg\u00f5petus J\u00f5gevamaa koolidele<br \/>02.04-30.04.2018 \u2013 Ujumise alg\u00f5petus Tabivere ja Maarja Magdaleena<br \/>24.05.2018 \u2013 Lohusuu noorte veeohutuse loeng ja praktilised harjutused Kuremaa ujulas<br \/>31.05.2018 \u2013 Veeohutuse l\u00fchikoolitus koos praktilise osaga noortele Udu talus (veeohutus ja praktiline \u00f5pe)<br \/>21.06.2018 \u2013 Paduvere jaanituli (b\u00e4ndi Terminaator turvamine)<br \/>10-13.07.2018 \u2013 Eesti 4H Suvelaager Voore K\u00fclalistemajas (veeohutus ja noorte \u00fcldine ohutus laagris)<br \/>04.08.2018 \u2013 Meie Liigume avaveeujumine Kuremaal (veeohutus)<br \/>15.08.2018 \u2013 Veeohutuse koolitus P\u00f5ltsamaal noortelaagris (veeohutus loeng ja praktiline \u00f5pe)<br \/>25.08.2018 \u2013 P\u00e4\u00e4steameti suvep\u00e4evade turvamine (veeohutus)<br \/>25.08.2018 \u2013 K\u00fc\u00fcslaugu festivalil Kuremaa rannaala turvamine (veeohutus ja piletikontroll)<\/p>\n<p>2018. aasta rannahooajal korraldab Kuremaa Vabatahtlik J\u00e4rvep\u00e4\u00e4ste Kuremaa supelrannas rannavalve ja rannahoolduse teenust.<\/p>\n<p>2018. aasta basseinihooajal korraldab Kuremaa Vabatahtlik J\u00e4rvep\u00e4\u00e4ste Kuremaa ujulas ujumise alg\u00f5pet riikliku \u00f5ppeprogrammi j\u00e4rgi.<\/p>\n<p><strong>2017 aasta:<\/strong><\/p>\n<p>09.01-28.02.2017 \u2013 C. R. Jakobsoni nim Torma P\u00f5hikooli \u00f5pilaste ujumis\u00f5petus (korraldus)<br \/>10.01-8.03.2017 \u2013 Kalevipoja uisumaratoni uisurada Kuremaa j\u00e4rvel (ATV-ga raja tegemine ja hooldus), viide artiklile\u00a0<a href=\"http:\/\/www.vooremaa.ee\/kalevipoja-uisumaraton-tuleb-kuremaa-jarvel\/\" target=\"_blank\" rel=\"noopener noreferrer\">esimene<\/a>, <a href=\"http:\/\/www.vooremaa.ee\/kalevipoja-uisumaraton-kolib-peipsilt-kuremaa-jarvele\/\" target=\"_blank\" rel=\"noopener noreferrer\">teine<\/a><br \/>13.01-26.02.2017 \u2013 Kuremaa ujula spordisaalis Euroopa t\u00fcdrukute korvpalliliiga m\u00e4ngud (esmaabi), <a href=\"http:\/\/www.vooremaa.ee\/korvpallipaabel-kuremaa-ujulas\/\" target=\"_blank\" rel=\"noopener noreferrer\">viide artiklile<br \/><\/a>25.03.2017 \u2013 Kuremaa KUPS ujumisv\u00f5istlus (veeohutus ja esmaabi), viite <a href=\"http:\/\/www.jogevavv.ee\/web\/kuremaa-kulaselts\/pildigaleriid?p_p_id=31&amp;p_p_lifecycle=0&amp;p_p_state=normal&amp;p_p_mode=view&amp;p_p_col_id=column-2&amp;p_p_col_count=1&amp;_31_struts_action=%2Fimage_gallery_display%2Fview&amp;_31_redirect=http%3A%2F%2Fwww.jogevavv.ee%2Fweb%2Fkuremaa-kulaselts%2Fpildigaleriid%3Fp_p_id%3D31%26p_p_lifecycle%3D0%26p_p_state%3Dnormal%26p_p_mode%3Dview%26p_p_col_id%3Dcolumn-2%26p_p_col_count%3D1&amp;_31_folderId=15634810\" target=\"_blank\" rel=\"noopener noreferrer\">pildigaleriile<\/a><br \/>04.06.2017 \u2013 Veeohutuse praktiline koolitus C. R. Jakobsoni nim Torma p\u00f5hikooli 7. klassile Kuremaa rannas<br \/>08.06.2017 \u2013 Kaitse end ja aita teist riiklik laager Udu Talus (praktiline p\u00e4\u00e4stevahendite kasutamine)<br \/>15.06.2017\u00a0\u2013\u00a0J\u00f5gevamaa diabeetikute seltsi teabep\u00e4ev J\u00f5geva Haigla saalis (Vetelp\u00e4\u00e4ste ja rannaohutuse ABC)<br \/>21.06.2017\u00a0\u2013 Paduvere jaanituli (b\u00e4ndi Signer Vinger turvamine)<br \/>02.07.2017\u00a0\u2013 Kuremaa Avaveeujumine (ujujate turvamine)<br \/>04.07.2017\u00a0\u2013 Kuremaa V Suvelaager (veeohutuse koolitus)<br \/>01-04.08.2017 \u2013 Eesti 4H Suvelaager K\u00f5rvemaa matka- ja suusakeskuses\u00a0(veeohutus ja noorte \u00fcldine ohutus laagris)<br \/>19.08.2017 \u2013 K\u00fc\u00fcslaugu festivalil Kuremaa rannaala turvamine (ujujate turvamine)<br \/>16.09.2017 \u2013 Paunvere V\u00e4ljan\u00e4itus (parkimise korraldamine)<br \/>16.11.2017 \u2013 Veeohutus Kuremaa ujulas<br \/>23.11.2017 \u2013 Veeohutus Kuremaa ujulas<br \/>30.11.2017 \u2013 Veeohutus Kuremaa ujulas<br \/>07.12.2017 \u2013 Veeohutus Kuremaa ujulas<\/p>\n<p>2017. aasta rannahooajal korraldas Kuremaa Vabatahtlik J\u00e4rvep\u00e4\u00e4ste Kuremaa supelrannas rannavalve ja rannahoolduse teenust.<\/p>\n<p class=\"Application2\"><strong>2016 aasta:<\/strong><\/p>\n<p class=\"Application2\">22.-27.01.2016 \u2013 Kuremaa j\u00e4rvel 5km uisuraja tegemine (t\u00f6\u00f6 ATV-ga, raja m\u00f5\u00f5tmine)<br \/>08.03.2016 \u2013 Kuremaa suusas\u00f5it (esmaabi)<br \/>09.03.2016 \u2013 Maakonna noorte ujumisv\u00f5istlus Kuremaa ujulas (veeohutus ja esmaabi)<br \/>03.04.2016 \u2013 Kuremaa KUPS ujumisv\u00f5istlus (veeohutus ja esmaabi)<br \/>04-05.2016 \u2013 Torma valla koolide ujumis- ja veeohutus\u00f5ppe tunnid<br \/>23.-24.04.2016 \u2013 Kuremaa Allika paadisilla, supelranna paadisilla ja ujumissilla paigaldamine<br \/>26. ja 29.04.2016 \u2013 Otsingud V\u00f5rtsj\u00e4rvel<br \/>06.05.2016 \u2013 Maakonna Koolinoorte joooksuv\u00f5istlus (esmaabi)<br \/>08.05.2016 \u2013 Ujumisv\u00f5istlus Kuremaa ujulas (veeohutus ja esmaabi)<br \/>14.05.2016 \u2013 Panther 16 Rescue kaatri testimine Kuremaa j\u00e4rvel<br \/>03.06.2016 \u2013 Vara valla lastekaitsep\u00e4ev Koosal (veeohutuse \u00f5pe)<br \/>09.-13.06.2016 \u2013 Naiste tantsupidu (majandusmeeskonna liikmed)<br \/>21.06.2016 \u2013 Paduvere jaanitule ja Smilersi turvamine<br \/>26.06-01.07.2016 \u2013 Kuremaa IV Suvelaager (veeohutus, \u00f5pe, turvalisus)<br \/>23.07.2016 \u2013 Kuremaa triatlon ja avaveeujumine (veeohutuse tagamine)<br \/>2.-3.08.2016 \u2013 Vadi suvelaager (veeohutuse tagamine)<br \/>06.08.2016 \u2013 Kasep\u00e4\u00e4 kalalaat (parkimise korraldamine ja esinejate turvamine)<br \/>18.-20.08.2016 \u2013 K\u00fc\u00fcslaugu Festival (korraldusmeeskonna liikmetena parkimise korraldamine)<br \/>17.09.2016 \u2013 Paunvere v\u00e4ljan\u00e4tus (meeskonna liikmetena parkimise korraldamine)<br \/>21.09.2016 \u2013 Maakonna koolinoorte s\u00fcgisjooks (esmaabi)<\/p>\n<p style=\"text-align: justify;\"><strong>2015 aasta:<\/strong><\/p>\n<p style=\"text-align: justify;\">05.03.2015 \u2013 Maakonna noorte ujumisv\u00f5istlused Kuremaa ujulas (veeohutus ja esmaabi).<br \/>22.03.2015\u00a0\u2013\u00a0Ujumisv\u00f5istlus Kuremaa ujulas (veeohutus ja esmaabi).<br \/>18.04.2015\u00a0\u2013\u00a0Kuremaa I Basseinitriatlon Kuremaa ujulas (veeohutus ja esmaabi).<br \/>01.05.2015\u00a0\u2013 Kuremaa Allika paadisilla paigaldustalgud (silla ehitust\u00f6\u00f6d).<br \/>06.05.2015\u00a0\u2013 Maakonna Koolinoorte jooksuv\u00f5istlus (esmaabi).<br \/>15.05.2015\u00a0\u2013\u00a0Kuremaa supelranna ujumis- ja paadisilla paigaldus (silla paigaldust\u00f6\u00f6d).<br \/>28.06 &#8211; 03.07.2015\u00a0\u2013\u00a0Kuremaa Suvelaager (veeohutus ja esmaabi).<br \/>28.-30.06.2015\u00a0\u2013 Kuremaa Allika paadisadama maa-ala ja j\u00e4rvep\u00f5hja korrastamine (pinnase vedu, pinnase silumine, kalda kindlustamine, j\u00e4rvep\u00f5hja puhastamine vesikasvust ja prahist).<br \/>17.07.2015\u00a0\u2013 Kuremaa Allika paadisadama ujumisala ja j\u00e4rvep\u00f5hja puhastamine (j\u00e4rvep\u00f5hja puhastamine).<br \/>18.07.2015\u00a0\u2013 J\u00f5gevamaa Kodut\u00fctarde Suvelaager Omedus (veeohutus, \u00f5pe rannas ja vees, praktikilised harjutused).<br \/>25.07.2015\u00a0\u2013 Pedja j\u00f5e s\u00fcsta- ja paadimatk: J\u00f5geva Gaasikontor &#8211; Jahimaja Trofee, kokku 17,5km (korraldamine ja l\u00e4biviimine).<br \/>27.-30.07.2015\u00a0\u2013 Eesti 4H Suvelaager Udu Talus (veeohutus ja noorte \u00fcldine ohutus laagris).<br \/>31.07.2015\u00a0\u2013 II Kuremaa avaveeujumine (pinnaltp\u00e4\u00e4ste).<br \/>31.07-01.08.2015\u00a0\u2013 Linnade liidu suvep\u00e4evad Kopra talus (veeohutus, esmaabi ja ala \u00fcldine turvalisus).<br \/>06.08.2015\u00a0\u2013 Grafiti Suvep\u00e4evad J\u00f5geva aleviku Avatud Noortekeskuses (veeohutus).<br \/>07.08.2015\u00a0\u2013 Pedja j\u00f5e s\u00fcsta- ja paadimatk: Jahimaja Trofee &#8211; Alam-Pedja LKA kokku 20,5km (korraldamine ja l\u00e4biviimine).<br \/>08.08.2015\u00a0\u2013 Kasep\u00e4\u00e4 kalalaat ja Ansambel Apelsin (parkimise korraldamine, peoala ja ansambli\u00a0turvamine).<br \/>14.08.2015\u00a0\u2013 Paunk\u00fcla Heaolukeskus ABC Supermarket suvep\u00e4evad (veeohutus ja esmaabi).<br \/>15.08.2015\u00a0\u2013 K\u00fc\u00fcslaugufestival \u00dclenurmel (parkimise korraldamine).<br \/>20.-21.08.2015\u00a0\u2013 Paadimatk: Alam-Pedja LKA &#8211; Emaj\u00f5gi &#8211; V\u00f5rtsj\u00e4rv &#8211; Emaj\u00f5gi &#8211; Tartu &#8211; Emaj\u00f5e Suursoo kokku 126km (korraldamine ja l\u00e4biviimine).<br \/>10.09.2015\u00a0\u2013 Torma P\u00f5hikooli \u00f5pilaste jalgrattamatk Kuremaale (laevas\u00f5idu organiseerimine, p\u00e4\u00e4stevahendite koolitus ja praktiline kasutamine).<br \/>11.09.2015\u00a0\u2013 Torma P\u00f5hikooli 5-9 klassi \u00f5pilaste kehalise kasvatuse tundide l\u00e4biviimine, v\u00f5istlused (viskeliini t\u00e4psusvisked aja peale).<br \/>19.09.2015\u00a0\u2013 Paunvere v\u00e4ljan\u00e4itus ja laat (parkimise korraldamine, 4 meeskonnaliiget).<br \/>22.09.2015\u00a0\u2013 Kuremaa supelranna s\u00fcgist\u00f6\u00f6d (suplusakvatooriumi piirete demonteerimine).<br \/>23.09.2015\u00a0\u2013 J\u00f5gevamaa G\u00fcmnaasiumis kogukonnapraktika laat (J\u00e4rvep\u00e4\u00e4ste tegevuste tutvustamine ja praktikantide otsimine).<br \/>27.09.2015\u00a0\u2013 Kuremaa supelranna s\u00fcgist\u00f6\u00f6d (ujumissilla demonteerimine).<br \/>09.10.2015\u00a0\u2013 Metsaotsingute praktiline koolitus Kirnal.<br \/>10.-11.10.2015\u00a0\u2013\u00a0Kuremaa supelranna s\u00fcgist\u00f6\u00f6d (sildade transport ja korrastus).<br \/>21.-22.10.2015\u00a0\u2013 Osalemine P\u00e4\u00e4steameti partnerluskoolitusel.<br \/>24.10.2015\u00a0\u2013 Kuremaa S\u00fcgisjooks Kuremaa Terviseradadel (esmaabi).<br \/>3.-4.12.2015\u00a0\u2013 Torma ja Sadala noorte ujumine Auras (veeohutuse tagamine).<br \/>29.-30.12.2015 \u2013 Kuremaa Allika paadisild (silla puitdetailide demonteerimine).<\/p>\n<p style=\"text-align: justify;\"><strong>2014 aasta:<\/strong><\/p>\n<p style=\"text-align: justify;\">07.05.2014 &#8211; Kuremaa terviseradadel maakonna noorte jooksukross (esmaabi).<br \/>22.06.2014 &#8211; K\u00e4\u00e4pa h\u00f5imup\u00e4ev (parkimise korraldamine ja turvalisuse tagamine).<br \/>26.-30.06.2014 &#8211; Voore Suvelaager (veeohutus ja esmaabi, loengud).<br \/>28.-29.06.2014 &#8211; Viljandis Sammuli puhkekeskuses P\u00e4\u00e4steameti suvep\u00e4evadel (veeohutus ja turvalisus).<br \/>02.-08.07.2014 &#8211; Kuremaa Suvelaager (veeohutus ja esmaabi, paadilaenutus).<br \/>12.-13.07.2014 &#8211; PKC grupp Eesti suvep\u00e4evad Varbla Puhkek\u00fclas (veeohutus, esmaabi ja turvalisus).<br \/>20.07.2014 &#8211; Maakondlik Veeohutusp\u00e4ev Kuremaa supelrannas (veeohutus, \u00f5pe, loengud, demo, p\u00e4\u00e4ste ja esmaabi).<br \/>09.-12.08.2014 &#8211; N\u00dc Eesti 4H Suvep\u00e4evad Karjamaa k\u00fclas Peipsi \u00e4\u00e4res (veeohutus, \u00f6\u00f6valve ja turvalisus noortelaagris).<br \/>23.08.2014 &#8211; J\u00f5geva K\u00fc\u00fcslaugufestival (parkimise korraldamine 1 parkla, 3 meeskonnaliiget).<br \/>17.09.2014 &#8211; Maakonna noorte jooksukross Kuremaa terviseradadel (esmaabi).<br \/>20.09.2014 &#8211; Paunvere V\u00e4ljan\u00e4itus (parkimise korraldamine 4 parklat, 24 meeskonnaliiget).<br \/>19.10.2014 &#8211; Kuremaa Terviserajad Kuremaa S\u00fcgisjooks (esmaabi).<\/p>\n<p style=\"text-align: justify;\">Lisaks olime koost\u00f6\u00f6partneriks J\u00f5geva Vallavalitsusele Kuremaa avaliku supelranna turvalisuse tagamisel.<\/p>\n<p style=\"text-align: justify;\"><strong>2013 aasta:<\/strong><\/p>\n<p style=\"text-align: justify;\">21.02.2013 \u2013 Suusav\u00f5istlused Koolinoorte maakondlik talispordip\u00e4ev Kuremaa terviseradadel (esmaabi).<br \/>15.06 \u2013 05.07.2013 \u2013 Rapla \u00d5pilasmalev (esmaabi ja veeohutus).<br \/>05.07.2013 \u2013 J\u00f5gevamaa veeohutusp\u00e4ev Kuremaa supelrannas (veeohutus, \u00f5pe, loengud, demo, p\u00e4\u00e4ste ja esmaabi).<br \/>05.07.2013 \u2013 Kuremaa Triatlon (veeohutus ja esmaabi).<br \/>07. \u2013 12.07.2013 \u2013 Kuremaa ESF Suvelaager (veeohutus, esmaabi ja ohutus\u00f5pe).<br \/>16. \u2013 18.07.2013 \u2013 J\u00f5gevamaa Noortekogu suvep\u00e4evad Udu talus (veeohutus ja esmaabi).<br \/>24.08.2013 \u2013 J\u00f5geva K\u00fc\u00fcslaugufestival (parkimise korraldamine, 3 meeskonnaliiget).<br \/>24. \u2013 25.08.2013 \u2013 P\u00e4rnumaal Vahemurru puhkekeskus Saku \u00d5lletehase suvep\u00e4evad (veeohutus ja esmaabi).<br \/>21.09.2013 \u2013 Paunvere v\u00e4ljan\u00e4itus (parkimise korraldamine, 4 meeskonnaliiget).<\/p>\n<p style=\"text-align: justify;\">Lisaks olime koost\u00f6\u00f6partneriks J\u00f5geva Vallavalitsusele Kuremaa avaliku supelranna turvalisuse tagamisel.<\/p>\n<p style=\"text-align: justify;\"><strong>2012 aasta:<\/strong><\/p>\n<p style=\"text-align: justify;\">17.02.2012 \u2013 S\u00f5brap\u00e4eva kohtumis\u00f5htu Kuremaa ANKis &#8211; ujulatund (ujumise alg\u00f5pe ja veeohutus).<br \/>03. \u2013 04.03.2012 \u2013 Eesti Valdade 20. talim\u00e4ngud Kuremaal (\u00f5pilastena)<br \/>10.03.2012 \u2013 Suusav\u00f5istlused Kuremaa terviseradadel (esmaabi).<br \/>14.03.2012 \u2013 Maakonna noorte ujumisv\u00f5istlused Kuremaa ujulas (veeohutus).<br \/>01.05.2012 \u2013 \u00dcli\u00f5pilaste kevadp\u00e4evad \u2013 \u201cKarsumm\u201d (veeohutus ja esmaabi).<br \/>04.05.2012 \u2013 Noorte jooksukross Kuremaa terviseradadel (esmaabi).<br \/>13.06.2012 \u2013 Noortelaager Luual (veeohutuse koolitamine).<br \/>05. \u2013 06.07.2012 \u2013 Eesti Maa\u00fclikooli \u00f5ppej\u00f5udude suvep\u00e4evad Otep\u00e4\u00e4l Marguse Puhkekeskuses (veeohutus, esmaabi ja turvalisus).<br \/>11.07.2012 \u2013 Aidu noortelaager (pinnaltp\u00e4\u00e4ste ja esmaabi \u00f5pe).<br \/>08. \u2013 13.07.2012 \u2013 Venevere I Suvelaager K\u00f5o vallas, Venevere puhkek\u00fclas (veeohutus ja esmaabi).<br \/>15. \u2013 20.07.2012 \u2013 Venevere II Suvelaager K\u00f5o vallas, Venevere puhkek\u00fclas (veeohutus ja esmaabi).<br \/>16.07.2012 \u2013 J\u00f5gevamaa Noortekogu suvep\u00e4evad Palamuse vallas, Udu talus (veeohutus ja esmaabi).<br \/>22.07.2012 \u2013 J\u00f5gevamaa tervise- ja veeohutuse p\u00e4ev Kuremaa supelrannas\u00a0(veeohutus, \u00f5pe, loengud, demo, p\u00e4\u00e4ste ja esmaabi).<br \/>11.08.2012 \u2013 Kaire ja Janeki juubel Kuremaa supelrannas (veeohutus).<br \/>25.08.2012 \u2013 J\u00f5geva K\u00fc\u00fcslaugufestival (parkimise korraldamine, 2 meeskonnaliiget).<br \/>08.09.2012 \u2013 Terviselaager \u00c4ksis\u00a0(veeohutuse \u00f5pe).<br \/>17.09.2012 \u2013 Noorte jooksukross Kuremaa terviseradadel (esmaabi).<\/p>\n<p style=\"text-align: justify;\">Lisaks olime koost\u00f6\u00f6partneriks J\u00f5geva Vallavalitsusele Kuremaa avaliku supelranna turvalisuse tagamisel.<\/p>\n<p style=\"text-align: justify;\">Kuremaa Avatud Noortekeskuse vetelp\u00e4\u00e4ste huvitegevusring: september 2011 \u2013 mai 2012 \u2013 Kuremaa j\u00e4rvep\u00e4\u00e4stjate koolitamine.<\/p>\n\n\n<p><\/p>\n","protected":false},"excerpt":{"rendered":"<p>2025 aasta: Eelkooliealiste ja esimese kooliastme laste ujumise alg\u00f5petuse l\u00e4biviimine Kuremaa Elamuskeskuse ujulas ja Sihtasutus P\u00f5ltsamaa Sport ujulas. 2024 aasta: Eelkooliealiste ja esimese kooliastme laste ujumise alg\u00f5petuse l\u00e4biviimine Kuremaa Elamuskeskuse ujulas ja Sihtasutus P\u00f5ltsamaa Sport ujulas. 2023 aasta: 02.-04.08.2023 \u2013 Lastelaagri veeohutuse turvamine Prossa j\u00e4rve \u00e4\u00e4res.Eelkooliealiste ja esimese kooliastme laste ujumise alg\u00f5petuse l\u00e4biviimine Kuremaa Elamuskeskuse<br \/><a class=\"moretag\" href=\"https:\/\/kuremaa.eu\/jarvepaaste\/uritused\/\">+ Read More<\/a><\/p>\n","protected":false},"author":1,"featured_media":0,"parent":0,"menu_order":0,"comment_status":"closed","ping_status":"closed","template":"","meta":{"_monsterinsights_skip_tracking":false,"_monsterinsights_sitenote_active":false,"_monsterinsights_sitenote_note":"","_monsterinsights_sitenote_category":0,"footnotes":""},"class_list":["post-12","page","type-page","status-publish","hentry"],"aioseo_notices":[],"_links":{"self":[{"href":"https:\/\/kuremaa.eu\/jarvepaaste\/wp-json\/wp\/v2\/pages\/12","targetHints":{"allow":["GET"]}}],"collection":[{"href":"https:\/\/kuremaa.eu\/jarvepaaste\/wp-json\/wp\/v2\/pages"}],"about":[{"href":"https:\/\/kuremaa.eu\/jarvepaaste\/wp-json\/wp\/v2\/types\/page"}],"author":[{"embeddable":true,"href":"https:\/\/kuremaa.eu\/jarvepaaste\/wp-json\/wp\/v2\/users\/1"}],"replies":[{"embeddable":true,"href":"https:\/\/kuremaa.eu\/jarvepaaste\/wp-json\/wp\/v2\/comments?post=12"}],"version-history":[{"count":29,"href":"https:\/\/kuremaa.eu\/jarvepaaste\/wp-json\/wp\/v2\/pages\/12\/revisions"}],"predecessor-version":[{"id":785,"href":"https:\/\/kuremaa.eu\/jarvepaaste\/wp-json\/wp\/v2\/pages\/12\/revisions\/785"}],"wp:attachment":[{"href":"https:\/\/kuremaa.eu\/jarvepaaste\/wp-json\/wp\/v2\/media?parent=12"}],"curies":[{"name":"wp","href":"https:\/\/api.w.org\/{rel}","templated":true}]}}