{"id":10,"date":"2016-01-21T01:11:49","date_gmt":"2016-01-20T23:11:49","guid":{"rendered":"https:\/\/kuremaa.eu\/jarvepaaste\/?page_id=10"},"modified":"2025-03-29T00:15:24","modified_gmt":"2025-03-28T22:15:24","slug":"kontakt","status":"publish","type":"page","link":"https:\/\/kuremaa.eu\/jarvepaaste\/kontakt\/","title":{"rendered":"Kontakt"},"content":{"rendered":"<p style=\"text-align: left; padding-left: 60px;\"><strong>Kuremaa Vabatahtlik J\u00e4rvep\u00e4\u00e4ste<\/strong><br \/>\n<strong>Reg. kood:<\/strong>\u00a080339646<br \/>\n<strong>Juriidiline aadress:<\/strong> Metsa tn 2-19, 48445 Kuremaa alevik,\u00a0J\u00f5geva vald, J\u00f5geva maakond<br \/>\n<strong>Telefon:<\/strong> +372 517 0314<br \/>\n<strong>e-post:<\/strong> info@kuremaa.eu<\/p>\n<p style=\"text-align: left; padding-left: 60px;\"><strong>LHV pank:<\/strong> EE097700771001270605<\/p>\n","protected":false},"excerpt":{"rendered":"<p>Kuremaa Vabatahtlik J\u00e4rvep\u00e4\u00e4ste Reg. kood:\u00a080339646 Juriidiline aadress: Metsa tn 2-19, 48445 Kuremaa alevik,\u00a0J\u00f5geva vald, J\u00f5geva maakond Telefon: +372 517 0314 e-post: info@kuremaa.eu LHV pank: EE097700771001270605<\/p>\n","protected":false},"author":1,"featured_media":0,"parent":0,"menu_order":9,"comment_status":"closed","ping_status":"closed","template":"","meta":{"_monsterinsights_skip_tracking":false,"_monsterinsights_sitenote_active":false,"_monsterinsights_sitenote_note":"","_monsterinsights_sitenote_category":0,"footnotes":""},"class_list":["post-10","page","type-page","status-publish","hentry"],"aioseo_notices":[],"_links":{"self":[{"href":"https:\/\/kuremaa.eu\/jarvepaaste\/wp-json\/wp\/v2\/pages\/10","targetHints":{"allow":["GET"]}}],"collection":[{"href":"https:\/\/kuremaa.eu\/jarvepaaste\/wp-json\/wp\/v2\/pages"}],"about":[{"href":"https:\/\/kuremaa.eu\/jarvepaaste\/wp-json\/wp\/v2\/types\/page"}],"author":[{"embeddable":true,"href":"https:\/\/kuremaa.eu\/jarvepaaste\/wp-json\/wp\/v2\/users\/1"}],"replies":[{"embeddable":true,"href":"https:\/\/kuremaa.eu\/jarvepaaste\/wp-json\/wp\/v2\/comments?post=10"}],"version-history":[{"count":9,"href":"https:\/\/kuremaa.eu\/jarvepaaste\/wp-json\/wp\/v2\/pages\/10\/revisions"}],"predecessor-version":[{"id":783,"href":"https:\/\/kuremaa.eu\/jarvepaaste\/wp-json\/wp\/v2\/pages\/10\/revisions\/783"}],"wp:attachment":[{"href":"https:\/\/kuremaa.eu\/jarvepaaste\/wp-json\/wp\/v2\/media?parent=10"}],"curies":[{"name":"wp","href":"https:\/\/api.w.org\/{rel}","templated":true}]}}