{"id":393,"date":"2023-06-05T01:17:20","date_gmt":"2023-06-04T22:17:20","guid":{"rendered":"https:\/\/kuremaa.eu\/hannokas\/?page_id=393"},"modified":"2026-01-06T02:47:58","modified_gmt":"2026-01-06T00:47:58","slug":"haldus","status":"publish","type":"page","link":"https:\/\/kuremaa.eu\/hannokas\/haldus\/","title":{"rendered":"K\u00dc Haldus"},"content":{"rendered":"\n<p div align=\"justify\">Eestis on palju korteri\u00fchistuid, kus puuduvad piisavad teadmised ja oskused \u00fchistuliikmetel korterelamu korrashoiuks. Kinnisvara korrashoid on kinnisvara eluea jooksul elluviidavate tehniliste ja administratiivsete tegevuste kogum selleks, et kas s\u00e4ilitada ja\/v\u00f5i taastada selline olukord, kus korrashoitav vara vastaks n\u00f5utava otstarbe t\u00e4itmiseks esitatavatele tingimustele. Iga kinnisvara korrashoiuga tegeleval asjatundjal on oma tegevuseedukuse tagamiseks vaja selgitada korrashoiu olemust esmaj\u00e4rjekorras nii omanikele kui kinnisvarakasutajatele, aga paraku ka paljudele teistele isikutele, kellel sageli puudub v\u00f5i on erinev arusaamine korrashoiust ning selle vajadusest.<\/p>\n\n\n\n<p div align=\"justify\">Meil on pikaajaline korteri\u00fchistu juhtimise ja kinnisvara haldamise kogemus, mis loob piisavad teadmised \u00fchistute toimimisest ja tasakaalukatest suhetest korteriomanikega. Meie ei v\u00f5rdle korteriomandit kui eramaja olemust keset p\u00f5ldu vaid soovime majandada korteri\u00fchistuid kaasomandi m\u00f5tteliste osade terviklahendusena, l\u00e4htudes korteriomandi- ja korteri\u00fchistu seadusest.<\/p>\n\n\n\n<div style=\"height:20px\" aria-hidden=\"true\" class=\"wp-block-spacer\"><\/div>\n\n\n\n<p><strong>Meilt saab haldusteenusena:<\/strong><\/p>\n\n\n\n<ul class=\"wp-block-list\">\n<li>P\u00f5hikirja koostamine ja muutmine.<\/li>\n\n\n\n<li>Korteriomanike ja\/v\u00f5i elanike registri koostamine ja pidamine.<\/li>\n\n\n\n<li>\u00dcldkoosolekute ettevalmistamine, korraldamine ja juhtimine.<\/li>\n\n\n\n<li>N\u00f5ustamine haldusk\u00fcsimustes.<\/li>\n\n\n\n<li>Korteriomanikele vajaliku info edastamine ja jooksvate k\u00fcsimuste lahendamine.<\/li>\n\n\n\n<li>Kirjavahetuse pidamine: kirjade, avaldustele vastuste, teadete koostamine jms.<\/li>\n\n\n\n<li>Raamatupidamisteenus. Korteriomanikel juurdep\u00e4\u00e4s www.korto.ee keskkonnale.<\/li>\n\n\n\n<li>Lepingute koostamine.<\/li>\n\n\n\n<li>V\u00f5lglastega seotud kohtuv\u00e4line t\u00f6\u00f6 (maksete laekumiste j\u00e4lgimine, v\u00f5lgnevustest teatamine, maksegraafikute koostamine ja nende t\u00e4itmise j\u00e4lgimine).<\/li>\n\n\n\n<li>V\u00f5lgnevuse tekkimisel dokumentide ettevalmistamine ja materjalide edastamine kohtule.<\/li>\n\n\n\n<li>Arhiivi koostamine ja pidamine.<\/li>\n\n\n\n<li>Hoone tehniliste andmete ja dokumentide kogumine.<\/li>\n\n\n\n<li>Puuduolevate dokumentide taastamine ja uue tehnilise dokumentatsiooni valmistamine ja kogumine.<\/li>\n\n\n\n<li>Vastavalt korteriomanike \u00fcldkoosoleku otsusele remondit\u00f6\u00f6de teostamiseks hinnap\u00e4ringute tegemine ja remondit\u00f6\u00f6de korraldamine.<\/li>\n\n\n\n<li>Aruannete koostamine, prognoositava majanduskava koostamine.<\/li>\n\n\n\n<li>Korterelamu finantsprojektide koostamine, elamu remondikava koostamine.<\/li>\n\n\n\n<li>Korraline haldus\u00fclevaatus<\/li>\n\n\n\n<li>Fikseeritud n\u00e4itude v\u00f5tmine ja edastamine kommunaalteenuste pakkujatele.<\/li>\n\n\n\n<li>Kuluanal\u00fc\u00fcs &#8211; elamu \u00fcldarvestite n\u00e4itude anal\u00fc\u00fcs, tuvastamaks lekkeid v\u00f5i kuritarvitusi.<\/li>\n\n\n\n<li>Avariiolukorra lahendamine.<\/li>\n\n\n\n<li>Tehnohoolduse korraldamine.<\/li>\n\n\n\n<li>Heakorra korraldamine.<\/li>\n<\/ul>\n\n\n\n<div style=\"height:20px\" aria-hidden=\"true\" class=\"wp-block-spacer\"><\/div>\n\n\n\n<p><strong>Kui leidsid, et meie pakutav teenus vastab teie korteri\u00fchistu vajadustele, siis v\u00f5ta meiega \u00fchendust ja komplekteerime teile sobiliku haldusteenuse lahenduse.<\/strong><\/p>\n\n\n\n<div style=\"height:20px\" aria-hidden=\"true\" class=\"wp-block-spacer\"><\/div>\n\n\n\n<p div align=\"justify\">Lisaks omame p\u00e4devust A, B ja C kategooria k\u00fcttegaasipaigaldise kasutamise j\u00e4relevaatajana. Vajadusel teostame A, B ja C kategooria k\u00fcttegaasipaigaldise ja -seadme remontimist, hooldamist, paigaldamist ja demonteerimist v\u00f5i A, B ja C kategooria terasest ja A, B kategooria vasest k\u00fcttegaasipaigaldise ehitamist.<\/p>\n\n\n\n<div style=\"height:20px\" aria-hidden=\"true\" class=\"wp-block-spacer\"><\/div>\n\n\n\n<p class=\"has-text-align-right\">Janar Hannolainen<br>Kinnisvarahaldur, tase 4<\/p>\n\n\n\n<div style=\"height:10px\" aria-hidden=\"true\" class=\"wp-block-spacer\"><\/div>\n\n\n\n<hr class=\"wp-block-separator has-alpha-channel-opacity\"\/>\n\n\n\n<div class=\"wp-block-envira-envira-gallery\"><div id=\"envira-gallery-wrap-472\" class=\"envira-gallery-wrap envira-gallery-theme-base envira-lightbox-theme-base\" itemscope itemtype=\"https:\/\/schema.org\/ImageGallery\"><div data-row-height=\"\" data-gallery-theme=\"\" id=\"envira-gallery-472\" class=\"envira-gallery-public  envira-gallery-3-columns envira-clear enviratope envira-gallery-css-animations\" data-envira-columns=\"3\"><div id=\"envira-gallery-item-466\" class=\"envira-gallery-item enviratope-item envira-gallery-item-1 envira-lazy-load\" style=\"padding-left: 1px; padding-bottom: 1px; padding-right: 1px;\"  itemscope itemtype=\"https:\/\/schema.org\/ImageObject\"><div class=\"envira-gallery-item-inner\"><div class=\"envira-gallery-position-overlay  envira-gallery-top-left\"><\/div><div class=\"envira-gallery-position-overlay  envira-gallery-top-right\"><\/div><div class=\"envira-gallery-position-overlay  envira-gallery-bottom-left\"><\/div><div class=\"envira-gallery-position-overlay  envira-gallery-bottom-right\"><\/div><div class=\"envira-lazy\" data-test-width=\"640\" data-test-height=\"480\" style=\"padding-bottom:75%;\"><img decoding=\"async\" id=\"envira-gallery-image-466\" class=\"envira-gallery-image envira-gallery-image-1\" data-envira-index=\"1\" src=\"https:\/\/kuremaa.eu\/hannokas\/files\/2023\/10\/Tunnistus-Janar-Hannolainen-120ak.jpg\" data-envira-src=\"https:\/\/kuremaa.eu\/hannokas\/files\/2023\/10\/Tunnistus-Janar-Hannolainen-120ak.jpg\" data-envira-gallery-id=\"472\" data-envira-item-id=\"466\" data-envira-caption=\"Tunnistus K&Uuml; Juht 120ak\" alt=\"\" title=\"Tunnistus K&amp;Uuml; Juht 120ak\"  itemprop=\"thumbnailUrl\" data-envira-srcset=\"https:\/\/kuremaa.eu\/hannokas\/files\/2023\/10\/Tunnistus-Janar-Hannolainen-120ak.jpg 400w,https:\/\/kuremaa.eu\/hannokas\/files\/2023\/10\/Tunnistus-Janar-Hannolainen-120ak.jpg 2x\" srcset=\"data:image\/gif;base64,R0lGODlhAQABAIAAAP\/\/\/\/\/\/\/yH5BAEKAAEALAAAAAABAAEAAAICTAEAOw==\" \/><\/div><\/div><\/div><div id=\"envira-gallery-item-465\" class=\"envira-gallery-item enviratope-item envira-gallery-item-2 envira-lazy-load\" style=\"padding-left: 1px; padding-bottom: 1px; padding-right: 1px;\"  itemscope itemtype=\"https:\/\/schema.org\/ImageObject\"><div class=\"envira-gallery-item-inner\"><div class=\"envira-gallery-position-overlay  envira-gallery-top-left\"><\/div><div class=\"envira-gallery-position-overlay  envira-gallery-top-right\"><\/div><div class=\"envira-gallery-position-overlay  envira-gallery-bottom-left\"><\/div><div class=\"envira-gallery-position-overlay  envira-gallery-bottom-right\"><\/div><div class=\"envira-lazy\" data-test-width=\"640\" data-test-height=\"480\" style=\"padding-bottom:75%;\"><img decoding=\"async\" id=\"envira-gallery-image-465\" class=\"envira-gallery-image envira-gallery-image-2\" data-envira-index=\"2\" src=\"https:\/\/kuremaa.eu\/hannokas\/files\/2023\/10\/Tunnistus-Janar-Hannolainen-32ak.jpg\" data-envira-src=\"https:\/\/kuremaa.eu\/hannokas\/files\/2023\/10\/Tunnistus-Janar-Hannolainen-32ak.jpg\" data-envira-gallery-id=\"472\" data-envira-item-id=\"465\" data-envira-caption=\"Tunnistus K&Uuml; juhi baaskoolitus 32ak\" alt=\"\" title=\"Tunnistus K&amp;Uuml; juhi baaskoolitus 32ak\"  itemprop=\"thumbnailUrl\" data-envira-srcset=\"https:\/\/kuremaa.eu\/hannokas\/files\/2023\/10\/Tunnistus-Janar-Hannolainen-32ak.jpg 400w,https:\/\/kuremaa.eu\/hannokas\/files\/2023\/10\/Tunnistus-Janar-Hannolainen-32ak.jpg 2x\" srcset=\"data:image\/gif;base64,R0lGODlhAQABAIAAAP\/\/\/\/\/\/\/yH5BAEKAAEALAAAAAABAAEAAAICTAEAOw==\" \/><\/div><\/div><\/div><div id=\"envira-gallery-item-443\" class=\"envira-gallery-item enviratope-item envira-gallery-item-3 envira-lazy-load\" style=\"padding-left: 1px; padding-bottom: 1px; padding-right: 1px;\"  itemscope itemtype=\"https:\/\/schema.org\/ImageObject\"><div class=\"envira-gallery-item-inner\"><div class=\"envira-gallery-position-overlay  envira-gallery-top-left\"><\/div><div class=\"envira-gallery-position-overlay  envira-gallery-top-right\"><\/div><div class=\"envira-gallery-position-overlay  envira-gallery-bottom-left\"><\/div><div class=\"envira-gallery-position-overlay  envira-gallery-bottom-right\"><\/div><div class=\"envira-lazy\" data-test-width=\"640\" data-test-height=\"480\" style=\"padding-bottom:75%;\"><img decoding=\"async\" id=\"envira-gallery-image-443\" class=\"envira-gallery-image envira-gallery-image-3\" data-envira-index=\"3\" src=\"https:\/\/kuremaa.eu\/hannokas\/files\/2023\/08\/Tunnistus_JANAR_HANNOLAINEN-1086x1536.jpg\" data-envira-src=\"https:\/\/kuremaa.eu\/hannokas\/files\/2023\/08\/Tunnistus_JANAR_HANNOLAINEN-1086x1536.jpg\" data-envira-gallery-id=\"472\" data-envira-item-id=\"443\" data-envira-caption=\"Tunnistus K&Uuml; juhi p&otilde;hikursus 56ak\" alt=\"\" title=\"Tunnistus K&amp;Uuml; juhi p&amp;otilde;hikursus 56ak\"  itemprop=\"thumbnailUrl\" data-envira-srcset=\"https:\/\/kuremaa.eu\/hannokas\/files\/2023\/08\/Tunnistus_JANAR_HANNOLAINEN-1086x1536.jpg 400w,https:\/\/kuremaa.eu\/hannokas\/files\/2023\/08\/Tunnistus_JANAR_HANNOLAINEN-1086x1536.jpg 2x\" srcset=\"data:image\/gif;base64,R0lGODlhAQABAIAAAP\/\/\/\/\/\/\/yH5BAEKAAEALAAAAAABAAEAAAICTAEAOw==\" \/><\/div><\/div><\/div><div id=\"envira-gallery-item-533\" class=\"envira-gallery-item enviratope-item envira-gallery-item-4 envira-lazy-load\" style=\"padding-left: 1px; padding-bottom: 1px; padding-right: 1px;\"  itemscope itemtype=\"https:\/\/schema.org\/ImageObject\"><div class=\"envira-gallery-item-inner\"><div class=\"envira-gallery-position-overlay  envira-gallery-top-left\"><\/div><div class=\"envira-gallery-position-overlay  envira-gallery-top-right\"><\/div><div class=\"envira-gallery-position-overlay  envira-gallery-bottom-left\"><\/div><div class=\"envira-gallery-position-overlay  envira-gallery-bottom-right\"><\/div><div class=\"envira-lazy\" data-test-width=\"640\" data-test-height=\"480\" style=\"padding-bottom:75%;\"><img decoding=\"async\" id=\"envira-gallery-image-533\" class=\"envira-gallery-image envira-gallery-image-4\" data-envira-index=\"4\" src=\"https:\/\/kuremaa.eu\/hannokas\/files\/2024\/03\/kinnisvarahaldur-tase-4-1079x1536.jpeg\" data-envira-src=\"https:\/\/kuremaa.eu\/hannokas\/files\/2024\/03\/kinnisvarahaldur-tase-4-1079x1536.jpeg\" data-envira-gallery-id=\"472\" data-envira-item-id=\"533\" data-envira-caption=\"kinnisvarahaldur-tase-4\" alt=\"\" title=\"kinnisvarahaldur-tase-4\"  itemprop=\"thumbnailUrl\" data-envira-srcset=\"https:\/\/kuremaa.eu\/hannokas\/files\/2024\/03\/kinnisvarahaldur-tase-4-1079x1536.jpeg 400w,https:\/\/kuremaa.eu\/hannokas\/files\/2024\/03\/kinnisvarahaldur-tase-4-1079x1536.jpeg 2x\" srcset=\"data:image\/gif;base64,R0lGODlhAQABAIAAAP\/\/\/\/\/\/\/yH5BAEKAAEALAAAAAABAAEAAAICTAEAOw==\" \/><\/div><\/div><\/div><div id=\"envira-gallery-item-522\" class=\"envira-gallery-item enviratope-item envira-gallery-item-5 envira-lazy-load\" style=\"padding-left: 1px; padding-bottom: 1px; padding-right: 1px;\"  itemscope itemtype=\"https:\/\/schema.org\/ImageObject\"><div class=\"envira-gallery-item-inner\"><div class=\"envira-gallery-position-overlay  envira-gallery-top-left\"><\/div><div class=\"envira-gallery-position-overlay  envira-gallery-top-right\"><\/div><div class=\"envira-gallery-position-overlay  envira-gallery-bottom-left\"><\/div><div class=\"envira-gallery-position-overlay  envira-gallery-bottom-right\"><\/div><div class=\"envira-lazy\" data-test-width=\"640\" data-test-height=\"480\" style=\"padding-bottom:75%;\"><img decoding=\"async\" id=\"envira-gallery-image-522\" class=\"envira-gallery-image envira-gallery-image-5\" data-envira-index=\"5\" src=\"https:\/\/kuremaa.eu\/hannokas\/files\/2024\/02\/Padevustunnistus-1-1086x1536.png\" data-envira-src=\"https:\/\/kuremaa.eu\/hannokas\/files\/2024\/02\/Padevustunnistus-1-1086x1536.png\" data-envira-gallery-id=\"472\" data-envira-item-id=\"522\" data-envira-caption=\"Padevustunnistus-1\" alt=\"\" title=\"Padevustunnistus-1\"  itemprop=\"thumbnailUrl\" data-envira-srcset=\"https:\/\/kuremaa.eu\/hannokas\/files\/2024\/02\/Padevustunnistus-1-1086x1536.png 400w,https:\/\/kuremaa.eu\/hannokas\/files\/2024\/02\/Padevustunnistus-1-1086x1536.png 2x\" srcset=\"data:image\/gif;base64,R0lGODlhAQABAIAAAP\/\/\/\/\/\/\/yH5BAEKAAEALAAAAAABAAEAAAICTAEAOw==\" \/><\/div><\/div><\/div><div id=\"envira-gallery-item-523\" class=\"envira-gallery-item enviratope-item envira-gallery-item-6 envira-lazy-load\" style=\"padding-left: 1px; padding-bottom: 1px; padding-right: 1px;\"  itemscope itemtype=\"https:\/\/schema.org\/ImageObject\"><div class=\"envira-gallery-item-inner\"><div class=\"envira-gallery-position-overlay  envira-gallery-top-left\"><\/div><div class=\"envira-gallery-position-overlay  envira-gallery-top-right\"><\/div><div class=\"envira-gallery-position-overlay  envira-gallery-bottom-left\"><\/div><div class=\"envira-gallery-position-overlay  envira-gallery-bottom-right\"><\/div><div class=\"envira-lazy\" data-test-width=\"640\" data-test-height=\"480\" style=\"padding-bottom:75%;\"><img decoding=\"async\" id=\"envira-gallery-image-523\" class=\"envira-gallery-image envira-gallery-image-6\" data-envira-index=\"6\" src=\"https:\/\/kuremaa.eu\/hannokas\/files\/2024\/02\/Padevustunnistus-2-1086x1536.png\" data-envira-src=\"https:\/\/kuremaa.eu\/hannokas\/files\/2024\/02\/Padevustunnistus-2-1086x1536.png\" data-envira-gallery-id=\"472\" data-envira-item-id=\"523\" data-envira-caption=\"Padevustunnistus-2\" alt=\"\" title=\"Padevustunnistus-2\"  itemprop=\"thumbnailUrl\" data-envira-srcset=\"https:\/\/kuremaa.eu\/hannokas\/files\/2024\/02\/Padevustunnistus-2-1086x1536.png 400w,https:\/\/kuremaa.eu\/hannokas\/files\/2024\/02\/Padevustunnistus-2-1086x1536.png 2x\" srcset=\"data:image\/gif;base64,R0lGODlhAQABAIAAAP\/\/\/\/\/\/\/yH5BAEKAAEALAAAAAABAAEAAAICTAEAOw==\" \/><\/div><\/div><\/div><\/div><\/div><noscript><img decoding=\"async\" src=\"https:\/\/kuremaa.eu\/hannokas\/files\/2023\/10\/Tunnistus-Janar-Hannolainen-120ak.jpg\" alt=\"\" \/><img decoding=\"async\" src=\"https:\/\/kuremaa.eu\/hannokas\/files\/2023\/10\/Tunnistus-Janar-Hannolainen-32ak.jpg\" alt=\"\" \/><img decoding=\"async\" src=\"https:\/\/kuremaa.eu\/hannokas\/files\/2023\/08\/Tunnistus_JANAR_HANNOLAINEN.jpg\" alt=\"\" \/><img decoding=\"async\" src=\"https:\/\/kuremaa.eu\/hannokas\/files\/2024\/03\/kinnisvarahaldur-tase-4-scaled.jpeg\" alt=\"\" \/><img decoding=\"async\" src=\"https:\/\/kuremaa.eu\/hannokas\/files\/2024\/02\/Padevustunnistus-1.png\" alt=\"\" \/><img decoding=\"async\" src=\"https:\/\/kuremaa.eu\/hannokas\/files\/2024\/02\/Padevustunnistus-2.png\" alt=\"\" \/><\/noscript><\/div>\n","protected":false},"excerpt":{"rendered":"<p>Eestis on palju korteri\u00fchistuid, kus puuduvad piisavad teadmised ja oskused \u00fchistuliikmetel korterelamu korrashoiuks. Kinnisvara korrashoid on kinnisvara eluea jooksul elluviidavate tehniliste ja administratiivsete tegevuste kogum selleks, et kas s\u00e4ilitada ja\/v\u00f5i taastada selline olukord, kus korrashoitav vara vastaks n\u00f5utava otstarbe t\u00e4itmiseks esitatavatele tingimustele. Iga kinnisvara korrashoiuga tegeleval asjatundjal on oma tegevuseedukuse tagamiseks vaja selgitada korrashoiu olemust [&hellip;]<\/p>\n","protected":false},"author":1,"featured_media":0,"parent":0,"menu_order":2,"comment_status":"closed","ping_status":"closed","template":"","meta":{"saved_in_kubio":false,"_monsterinsights_skip_tracking":false,"_monsterinsights_sitenote_active":false,"_monsterinsights_sitenote_note":"","_monsterinsights_sitenote_category":0,"_uf_show_specific_survey":0,"_uf_disable_surveys":false,"footnotes":""},"class_list":["post-393","page","type-page","status-publish","hentry"],"aioseo_notices":[],"kubio_ai_page_context":{"short_desc":"","purpose":"general"},"_links":{"self":[{"href":"https:\/\/kuremaa.eu\/hannokas\/wp-json\/wp\/v2\/pages\/393","targetHints":{"allow":["GET"]}}],"collection":[{"href":"https:\/\/kuremaa.eu\/hannokas\/wp-json\/wp\/v2\/pages"}],"about":[{"href":"https:\/\/kuremaa.eu\/hannokas\/wp-json\/wp\/v2\/types\/page"}],"author":[{"embeddable":true,"href":"https:\/\/kuremaa.eu\/hannokas\/wp-json\/wp\/v2\/users\/1"}],"replies":[{"embeddable":true,"href":"https:\/\/kuremaa.eu\/hannokas\/wp-json\/wp\/v2\/comments?post=393"}],"version-history":[{"count":44,"href":"https:\/\/kuremaa.eu\/hannokas\/wp-json\/wp\/v2\/pages\/393\/revisions"}],"predecessor-version":[{"id":983,"href":"https:\/\/kuremaa.eu\/hannokas\/wp-json\/wp\/v2\/pages\/393\/revisions\/983"}],"wp:attachment":[{"href":"https:\/\/kuremaa.eu\/hannokas\/wp-json\/wp\/v2\/media?parent=393"}],"curies":[{"name":"wp","href":"https:\/\/api.w.org\/{rel}","templated":true}]}}